{"id":180,"date":"2017-12-03T14:33:27","date_gmt":"2017-12-03T14:33:27","guid":{"rendered":"http:\/\/demo.acmethemes.com\/online-shop\/?page_id=151"},"modified":"2021-08-20T00:55:08","modified_gmt":"2021-08-19T22:55:08","slug":"front-page","status":"publish","type":"page","link":"https:\/\/www.panwaga.pl\/","title":{"rendered":"Wagi, kasy fiskalne, terminale p\u0142atnicze."},"content":{"rendered":"\n<p>Zajmujemy si\u0119 legalizacj\u0105 oraz serwisem wag, kas fiskalnych, krajalnic, wilk\u00f3w, kotleciarek. Posiadamy w swojej ofercie r\u00f3wnie\u017c terminale p\u0142atnicze, kt\u00f3re mo\u017cemy zaoferowa\u0107 w programie POLSKA BEZGOT\u00d3WKOWA. Zapraszamy r\u00f3wnie\u017c do wynajmu wag licz\u0105cych potrzebnych do inwentaryzacji.<\/p>\n","protected":false},"excerpt":{"rendered":"<p>Zajmujemy si\u0119 legalizacj\u0105 oraz serwisem wag, kas fiskalnych, krajalnic, wilk\u00f3w, kotleciarek. Posiadamy w swojej ofercie r\u00f3wnie\u017c terminale p\u0142atnicze, kt\u00f3re mo\u017cemy zaoferowa\u0107 w programie POLSKA BEZGOT\u00d3WKOWA. Zapraszamy r\u00f3wnie\u017c do wynajmu wag licz\u0105cych potrzebnych do inwentaryzacji.<\/p>\n","protected":false},"author":1,"featured_media":0,"parent":0,"menu_order":0,"comment_status":"closed","ping_status":"closed","template":"","meta":{"spay_email":"","footnotes":""},"class_list":["post-180","page","type-page","status-publish","hentry"],"yoast_head":"<!-- This site is optimized with the Yoast SEO plugin v19.0 - https:\/\/yoast.com\/wordpress\/plugins\/seo\/ -->\n<title>Wagi, kasy fiskalne, terminale p\u0142atnicze. - &quot;Pan Waga&quot;<\/title>\n<meta name=\"robots\" content=\"index, follow, max-snippet:-1, max-image-preview:large, max-video-preview:-1\" \/>\n<link rel=\"canonical\" href=\"https:\/\/www.panwaga.pl\/\" \/>\n<meta property=\"og:locale\" content=\"pl_PL\" \/>\n<meta property=\"og:type\" content=\"article\" \/>\n<meta property=\"og:title\" content=\"Wagi, kasy fiskalne, terminale p\u0142atnicze. - &quot;Pan Waga&quot;\" \/>\n<meta property=\"og:description\" content=\"Zajmujemy si\u0119 legalizacj\u0105 oraz serwisem wag, kas fiskalnych, krajalnic, wilk\u00f3w, kotleciarek. Posiadamy w swojej ofercie r\u00f3wnie\u017c terminale p\u0142atnicze, kt\u00f3re mo\u017cemy zaoferowa\u0107 w programie POLSKA BEZGOT\u00d3WKOWA. Zapraszamy r\u00f3wnie\u017c do wynajmu wag licz\u0105cych potrzebnych do inwentaryzacji.\" \/>\n<meta property=\"og:url\" content=\"https:\/\/www.panwaga.pl\/\" \/>\n<meta property=\"og:site_name\" content=\"&quot;Pan Waga&quot;\" \/>\n<meta property=\"article:modified_time\" content=\"2021-08-19T22:55:08+00:00\" \/>\n<meta name=\"twitter:card\" content=\"summary_large_image\" \/>\n<script type=\"application\/ld+json\" class=\"yoast-schema-graph\">{\"@context\":\"https:\/\/schema.org\",\"@graph\":[{\"@type\":\"WebSite\",\"@id\":\"https:\/\/www.panwaga.pl\/#website\",\"url\":\"https:\/\/www.panwaga.pl\/\",\"name\":\"&quot;Pan Waga&quot;\",\"description\":\"Serwis sprz\u0119tu gastronomicznego, serwis wag, krajalnic, legalizacja\",\"potentialAction\":[{\"@type\":\"SearchAction\",\"target\":{\"@type\":\"EntryPoint\",\"urlTemplate\":\"https:\/\/www.panwaga.pl\/?s={search_term_string}\"},\"query-input\":\"required name=search_term_string\"}],\"inLanguage\":\"pl-PL\"},{\"@type\":\"WebPage\",\"@id\":\"https:\/\/www.panwaga.pl\/#webpage\",\"url\":\"https:\/\/www.panwaga.pl\/\",\"name\":\"Wagi, kasy fiskalne, terminale p\u0142atnicze. - &quot;Pan Waga&quot;\",\"isPartOf\":{\"@id\":\"https:\/\/www.panwaga.pl\/#website\"},\"datePublished\":\"2017-12-03T14:33:27+00:00\",\"dateModified\":\"2021-08-19T22:55:08+00:00\",\"breadcrumb\":{\"@id\":\"https:\/\/www.panwaga.pl\/#breadcrumb\"},\"inLanguage\":\"pl-PL\",\"potentialAction\":[{\"@type\":\"ReadAction\",\"target\":[\"https:\/\/www.panwaga.pl\/\"]}]},{\"@type\":\"BreadcrumbList\",\"@id\":\"https:\/\/www.panwaga.pl\/#breadcrumb\",\"itemListElement\":[{\"@type\":\"ListItem\",\"position\":1,\"name\":\"Home\",\"item\":\"https:\/\/www.panwaga.pl\/\"},{\"@type\":\"ListItem\",\"position\":2,\"name\":\"Wagi, kasy fiskalne, terminale p\u0142atnicze.\"}]}]}<\/script>\n<!-- \/ Yoast SEO plugin. -->","yoast_head_json":{"title":"Wagi, kasy fiskalne, terminale p\u0142atnicze. - &quot;Pan Waga&quot;","robots":{"index":"index","follow":"follow","max-snippet":"max-snippet:-1","max-image-preview":"max-image-preview:large","max-video-preview":"max-video-preview:-1"},"canonical":"https:\/\/www.panwaga.pl\/","og_locale":"pl_PL","og_type":"article","og_title":"Wagi, kasy fiskalne, terminale p\u0142atnicze. - &quot;Pan Waga&quot;","og_description":"Zajmujemy si\u0119 legalizacj\u0105 oraz serwisem wag, kas fiskalnych, krajalnic, wilk\u00f3w, kotleciarek. Posiadamy w swojej ofercie r\u00f3wnie\u017c terminale p\u0142atnicze, kt\u00f3re mo\u017cemy zaoferowa\u0107 w programie POLSKA BEZGOT\u00d3WKOWA. Zapraszamy r\u00f3wnie\u017c do wynajmu wag licz\u0105cych potrzebnych do inwentaryzacji.","og_url":"https:\/\/www.panwaga.pl\/","og_site_name":"&quot;Pan Waga&quot;","article_modified_time":"2021-08-19T22:55:08+00:00","twitter_card":"summary_large_image","schema":{"@context":"https:\/\/schema.org","@graph":[{"@type":"WebSite","@id":"https:\/\/www.panwaga.pl\/#website","url":"https:\/\/www.panwaga.pl\/","name":"&quot;Pan Waga&quot;","description":"Serwis sprz\u0119tu gastronomicznego, serwis wag, krajalnic, legalizacja","potentialAction":[{"@type":"SearchAction","target":{"@type":"EntryPoint","urlTemplate":"https:\/\/www.panwaga.pl\/?s={search_term_string}"},"query-input":"required name=search_term_string"}],"inLanguage":"pl-PL"},{"@type":"WebPage","@id":"https:\/\/www.panwaga.pl\/#webpage","url":"https:\/\/www.panwaga.pl\/","name":"Wagi, kasy fiskalne, terminale p\u0142atnicze. - &quot;Pan Waga&quot;","isPartOf":{"@id":"https:\/\/www.panwaga.pl\/#website"},"datePublished":"2017-12-03T14:33:27+00:00","dateModified":"2021-08-19T22:55:08+00:00","breadcrumb":{"@id":"https:\/\/www.panwaga.pl\/#breadcrumb"},"inLanguage":"pl-PL","potentialAction":[{"@type":"ReadAction","target":["https:\/\/www.panwaga.pl\/"]}]},{"@type":"BreadcrumbList","@id":"https:\/\/www.panwaga.pl\/#breadcrumb","itemListElement":[{"@type":"ListItem","position":1,"name":"Home","item":"https:\/\/www.panwaga.pl\/"},{"@type":"ListItem","position":2,"name":"Wagi, kasy fiskalne, terminale p\u0142atnicze."}]}]}},"_links":{"self":[{"href":"https:\/\/www.panwaga.pl\/index.php?rest_route=\/wp\/v2\/pages\/180","targetHints":{"allow":["GET"]}}],"collection":[{"href":"https:\/\/www.panwaga.pl\/index.php?rest_route=\/wp\/v2\/pages"}],"about":[{"href":"https:\/\/www.panwaga.pl\/index.php?rest_route=\/wp\/v2\/types\/page"}],"author":[{"embeddable":true,"href":"https:\/\/www.panwaga.pl\/index.php?rest_route=\/wp\/v2\/users\/1"}],"replies":[{"embeddable":true,"href":"https:\/\/www.panwaga.pl\/index.php?rest_route=%2Fwp%2Fv2%2Fcomments&post=180"}],"version-history":[{"count":3,"href":"https:\/\/www.panwaga.pl\/index.php?rest_route=\/wp\/v2\/pages\/180\/revisions"}],"predecessor-version":[{"id":4408,"href":"https:\/\/www.panwaga.pl\/index.php?rest_route=\/wp\/v2\/pages\/180\/revisions\/4408"}],"wp:attachment":[{"href":"https:\/\/www.panwaga.pl\/index.php?rest_route=%2Fwp%2Fv2%2Fmedia&parent=180"}],"curies":[{"name":"wp","href":"https:\/\/api.w.org\/{rel}","templated":true}]}}