{"id":343,"date":"2020-06-07T15:29:13","date_gmt":"2020-06-07T13:29:13","guid":{"rendered":"https:\/\/www.panwaga.pl\/?page_id=343"},"modified":"2020-06-07T15:29:14","modified_gmt":"2020-06-07T13:29:14","slug":"terminale-platnicze","status":"publish","type":"page","link":"https:\/\/www.panwaga.pl\/?page_id=343","title":{"rendered":"Terminale p\u0142atnicze"},"content":{"rendered":"\n<p><strong>Program Wsparcia Obrotu Bezgot\u00f3wkowego \u201ePolska Bezgot\u00f3wkowa\u201d<\/strong> to wsp\u00f3lna inicjatywa uczestnik\u00f3w rynku us\u0142ug p\u0142atniczych w&nbsp;Polsce: wydawc\u00f3w kart, agent\u00f3w rozliczeniowych oraz&nbsp;organizacji Visa i&nbsp;Mastercard przy udziale Zwi\u0105zku Bank\u00f3w Polskich i&nbsp;wsparciu Ministerstwa Rozwoju.<\/p>\n\n\n\n<p>Program skierowany jest do ma\u0142ych i&nbsp;\u015brednich przedsi\u0119biorc\u00f3w, kt\u00f3rzy chc\u0105 rozpocz\u0105\u0107 przyjmowanie p\u0142atno\u015bci za swoje towary i&nbsp;us\u0142ugi za pomoc\u0105 kart p\u0142atniczych.<\/p>\n\n\n\n<p>Programem zarz\u0105dza Fundacja Polska Bezgot\u00f3wkowa, kt\u00f3rej fundatorem jest Zwi\u0105zek Bank\u00f3w Polskich.<\/p>\n\n\n\n<p>Warunkiem przyst\u0105pienia przedsi\u0119biorcy do programu jest:<\/p>\n\n\n\n<ul class=\"wp-block-list\"><li>Podpisanie z&nbsp;PayTel umowy na akceptacje kart p\u0142atniczych.<\/li><li>Przez co najmniej 12 miesi\u0119cy przed podpisaniem umowy z&nbsp;PayTel przedsi\u0119biorca nie&nbsp;oferowa\u0142 us\u0142ug p\u0142atno\u015bci instrumentami p\u0142atniczymi opartymi o&nbsp;kart\u0119, w&nbsp;tym w&nbsp;\u015brodowisku fizycznym oraz&nbsp;w&nbsp;ramach p\u0142atno\u015bci on-line;<\/li><li>Przedsi\u0119biorca nie&nbsp;prowadzi dzia\u0142alno\u015bci w&nbsp;ramach sieci handlowych, us\u0142ugowych lub podobnych obejmuj\u0105cych wi\u0119cej ni\u017c 5 plac\u00f3wek handlowych, us\u0142ugowych lub podobnych pod tym samym znakiem towarowym.<\/li><li>Przedsi\u0119biorca nie&nbsp;prowadzi dzia\u0142alno\u015bci w&nbsp;ramach franczyzy obejmuj\u0105cej wi\u0119cej ni\u017c 5 plac\u00f3wek handlowych, us\u0142ugowych lub podobnych pod tym samym znakiem towarowym;<\/li><li>Przedsi\u0119biorca nie&nbsp;prowadzi dzia\u0142alno\u015bci jako operator automat\u00f3w vendingowych i&nbsp;innych terminali samoobs\u0142ugowych (biletomaty, parkomaty, bankomaty, itp.) w&nbsp;zakresie w&nbsp;jakim przyst\u0119puj\u0119 do Programu;<\/li><\/ul>\n\n\n\n<p><br>Przedsi\u0119biorca otrzymuje dofinansowanie na poczet:<\/p>\n\n\n\n<ul class=\"wp-block-list\"><li>Dzier\u017cawy terminala przez&nbsp;12 miesi\u0119cy od daty podpisania umowy z&nbsp;PayTel<\/li><li>Op\u0142at z&nbsp;tytu\u0142u prowizji od transakcji (OA) do warto\u015bci 100.000 PLN na jeden terminal<\/li><li>Brak minimalnego progu obrotu<\/li><\/ul>\n\n\n\n<p><br>Ka\u017cdy przedsi\u0119biorca w&nbsp;ramach programu mo\u017ce zam\u00f3wi\u0107 nawet 3 terminale.<\/p>\n\n\n\n<p>Po 12 miesi\u0105cach dofinansowania obowi\u0105zuj\u0105 warunki cenowe okre\u015blone w&nbsp;umowie z&nbsp;PayTel nie&nbsp;kr\u00f3tszej ni\u017c 12 miesi\u0119cy zgodnej z&nbsp;aktualnym cennikiem PayTel.<\/p>\n","protected":false},"excerpt":{"rendered":"<p>Program Wsparcia Obrotu Bezgot\u00f3wkowego \u201ePolska Bezgot\u00f3wkowa\u201d to wsp\u00f3lna inicjatywa uczestnik\u00f3w rynku us\u0142ug p\u0142atniczych w&nbsp;Polsce: wydawc\u00f3w kart, agent\u00f3w rozliczeniowych oraz&nbsp;organizacji Visa i&nbsp;Mastercard przy udziale Zwi\u0105zku Bank\u00f3w Polskich i&nbsp;wsparciu Ministerstwa Rozwoju. Program skierowany jest do ma\u0142ych i&nbsp;\u015brednich przedsi\u0119biorc\u00f3w, kt\u00f3rzy chc\u0105 rozpocz\u0105\u0107 przyjmowanie p\u0142atno\u015bci za swoje towary i&nbsp;us\u0142ugi za pomoc\u0105 kart p\u0142atniczych. Programem zarz\u0105dza Fundacja Polska Bezgot\u00f3wkowa, kt\u00f3rej fundatorem jest Zwi\u0105zek Bank\u00f3w Polskich. Warunkiem przyst\u0105pienia przedsi\u0119biorcy do programu jest: Podpisanie z&nbsp;PayTel umowy na akceptacje kart p\u0142atniczych. Przez co najmniej 12 miesi\u0119cy przed podpisaniem umowy z&nbsp;PayTel przedsi\u0119biorca nie&nbsp;oferowa\u0142 us\u0142ug p\u0142atno\u015bci instrumentami p\u0142atniczymi opartymi o&nbsp;kart\u0119,&hellip;<\/p>\n","protected":false},"author":1,"featured_media":0,"parent":0,"menu_order":0,"comment_status":"closed","ping_status":"closed","template":"","meta":{"spay_email":"","footnotes":""},"class_list":["post-343","page","type-page","status-publish","hentry"],"yoast_head":"<!-- This site is optimized with the Yoast SEO plugin v19.0 - https:\/\/yoast.com\/wordpress\/plugins\/seo\/ -->\n<title>Terminale p\u0142atnicze - &quot;Pan Waga&quot;<\/title>\n<meta name=\"robots\" content=\"index, follow, max-snippet:-1, max-image-preview:large, max-video-preview:-1\" \/>\n<link rel=\"canonical\" href=\"https:\/\/www.panwaga.pl\/?page_id=343\" \/>\n<meta property=\"og:locale\" content=\"pl_PL\" \/>\n<meta property=\"og:type\" content=\"article\" \/>\n<meta property=\"og:title\" content=\"Terminale p\u0142atnicze - &quot;Pan Waga&quot;\" \/>\n<meta property=\"og:description\" content=\"Program Wsparcia Obrotu Bezgot\u00f3wkowego \u201ePolska Bezgot\u00f3wkowa\u201d to wsp\u00f3lna inicjatywa uczestnik\u00f3w rynku us\u0142ug p\u0142atniczych w&nbsp;Polsce: wydawc\u00f3w kart, agent\u00f3w rozliczeniowych oraz&nbsp;organizacji Visa i&nbsp;Mastercard przy udziale Zwi\u0105zku Bank\u00f3w Polskich i&nbsp;wsparciu Ministerstwa Rozwoju. Program skierowany jest do ma\u0142ych i&nbsp;\u015brednich przedsi\u0119biorc\u00f3w, kt\u00f3rzy chc\u0105 rozpocz\u0105\u0107 przyjmowanie p\u0142atno\u015bci za swoje towary i&nbsp;us\u0142ugi za pomoc\u0105 kart p\u0142atniczych. Programem zarz\u0105dza Fundacja Polska Bezgot\u00f3wkowa, kt\u00f3rej fundatorem jest Zwi\u0105zek Bank\u00f3w Polskich. Warunkiem przyst\u0105pienia przedsi\u0119biorcy do programu jest: Podpisanie z&nbsp;PayTel umowy na akceptacje kart p\u0142atniczych. Przez co najmniej 12 miesi\u0119cy przed podpisaniem umowy z&nbsp;PayTel przedsi\u0119biorca nie&nbsp;oferowa\u0142 us\u0142ug p\u0142atno\u015bci instrumentami p\u0142atniczymi opartymi o&nbsp;kart\u0119,&hellip;\" \/>\n<meta property=\"og:url\" content=\"https:\/\/www.panwaga.pl\/?page_id=343\" \/>\n<meta property=\"og:site_name\" content=\"&quot;Pan Waga&quot;\" \/>\n<meta property=\"article:modified_time\" content=\"2020-06-07T13:29:14+00:00\" \/>\n<meta name=\"twitter:card\" content=\"summary_large_image\" \/>\n<meta name=\"twitter:label1\" content=\"Szacowany czas czytania\" \/>\n\t<meta name=\"twitter:data1\" content=\"2 minuty\" \/>\n<script type=\"application\/ld+json\" class=\"yoast-schema-graph\">{\"@context\":\"https:\/\/schema.org\",\"@graph\":[{\"@type\":\"WebSite\",\"@id\":\"https:\/\/www.panwaga.pl\/#website\",\"url\":\"https:\/\/www.panwaga.pl\/\",\"name\":\"&quot;Pan Waga&quot;\",\"description\":\"Serwis sprz\u0119tu gastronomicznego, serwis wag, krajalnic, legalizacja\",\"potentialAction\":[{\"@type\":\"SearchAction\",\"target\":{\"@type\":\"EntryPoint\",\"urlTemplate\":\"https:\/\/www.panwaga.pl\/?s={search_term_string}\"},\"query-input\":\"required name=search_term_string\"}],\"inLanguage\":\"pl-PL\"},{\"@type\":\"WebPage\",\"@id\":\"https:\/\/www.panwaga.pl\/?page_id=343#webpage\",\"url\":\"https:\/\/www.panwaga.pl\/?page_id=343\",\"name\":\"Terminale p\u0142atnicze - &quot;Pan Waga&quot;\",\"isPartOf\":{\"@id\":\"https:\/\/www.panwaga.pl\/#website\"},\"datePublished\":\"2020-06-07T13:29:13+00:00\",\"dateModified\":\"2020-06-07T13:29:14+00:00\",\"breadcrumb\":{\"@id\":\"https:\/\/www.panwaga.pl\/?page_id=343#breadcrumb\"},\"inLanguage\":\"pl-PL\",\"potentialAction\":[{\"@type\":\"ReadAction\",\"target\":[\"https:\/\/www.panwaga.pl\/?page_id=343\"]}]},{\"@type\":\"BreadcrumbList\",\"@id\":\"https:\/\/www.panwaga.pl\/?page_id=343#breadcrumb\",\"itemListElement\":[{\"@type\":\"ListItem\",\"position\":1,\"name\":\"Home\",\"item\":\"https:\/\/www.panwaga.pl\/\"},{\"@type\":\"ListItem\",\"position\":2,\"name\":\"Terminale p\u0142atnicze\"}]}]}<\/script>\n<!-- \/ Yoast SEO plugin. -->","yoast_head_json":{"title":"Terminale p\u0142atnicze - &quot;Pan Waga&quot;","robots":{"index":"index","follow":"follow","max-snippet":"max-snippet:-1","max-image-preview":"max-image-preview:large","max-video-preview":"max-video-preview:-1"},"canonical":"https:\/\/www.panwaga.pl\/?page_id=343","og_locale":"pl_PL","og_type":"article","og_title":"Terminale p\u0142atnicze - &quot;Pan Waga&quot;","og_description":"Program Wsparcia Obrotu Bezgot\u00f3wkowego \u201ePolska Bezgot\u00f3wkowa\u201d to wsp\u00f3lna inicjatywa uczestnik\u00f3w rynku us\u0142ug p\u0142atniczych w&nbsp;Polsce: wydawc\u00f3w kart, agent\u00f3w rozliczeniowych oraz&nbsp;organizacji Visa i&nbsp;Mastercard przy udziale Zwi\u0105zku Bank\u00f3w Polskich i&nbsp;wsparciu Ministerstwa Rozwoju. Program skierowany jest do ma\u0142ych i&nbsp;\u015brednich przedsi\u0119biorc\u00f3w, kt\u00f3rzy chc\u0105 rozpocz\u0105\u0107 przyjmowanie p\u0142atno\u015bci za swoje towary i&nbsp;us\u0142ugi za pomoc\u0105 kart p\u0142atniczych. Programem zarz\u0105dza Fundacja Polska Bezgot\u00f3wkowa, kt\u00f3rej fundatorem jest Zwi\u0105zek Bank\u00f3w Polskich. Warunkiem przyst\u0105pienia przedsi\u0119biorcy do programu jest: Podpisanie z&nbsp;PayTel umowy na akceptacje kart p\u0142atniczych. Przez co najmniej 12 miesi\u0119cy przed podpisaniem umowy z&nbsp;PayTel przedsi\u0119biorca nie&nbsp;oferowa\u0142 us\u0142ug p\u0142atno\u015bci instrumentami p\u0142atniczymi opartymi o&nbsp;kart\u0119,&hellip;","og_url":"https:\/\/www.panwaga.pl\/?page_id=343","og_site_name":"&quot;Pan Waga&quot;","article_modified_time":"2020-06-07T13:29:14+00:00","twitter_card":"summary_large_image","twitter_misc":{"Szacowany czas czytania":"2 minuty"},"schema":{"@context":"https:\/\/schema.org","@graph":[{"@type":"WebSite","@id":"https:\/\/www.panwaga.pl\/#website","url":"https:\/\/www.panwaga.pl\/","name":"&quot;Pan Waga&quot;","description":"Serwis sprz\u0119tu gastronomicznego, serwis wag, krajalnic, legalizacja","potentialAction":[{"@type":"SearchAction","target":{"@type":"EntryPoint","urlTemplate":"https:\/\/www.panwaga.pl\/?s={search_term_string}"},"query-input":"required name=search_term_string"}],"inLanguage":"pl-PL"},{"@type":"WebPage","@id":"https:\/\/www.panwaga.pl\/?page_id=343#webpage","url":"https:\/\/www.panwaga.pl\/?page_id=343","name":"Terminale p\u0142atnicze - &quot;Pan Waga&quot;","isPartOf":{"@id":"https:\/\/www.panwaga.pl\/#website"},"datePublished":"2020-06-07T13:29:13+00:00","dateModified":"2020-06-07T13:29:14+00:00","breadcrumb":{"@id":"https:\/\/www.panwaga.pl\/?page_id=343#breadcrumb"},"inLanguage":"pl-PL","potentialAction":[{"@type":"ReadAction","target":["https:\/\/www.panwaga.pl\/?page_id=343"]}]},{"@type":"BreadcrumbList","@id":"https:\/\/www.panwaga.pl\/?page_id=343#breadcrumb","itemListElement":[{"@type":"ListItem","position":1,"name":"Home","item":"https:\/\/www.panwaga.pl\/"},{"@type":"ListItem","position":2,"name":"Terminale p\u0142atnicze"}]}]}},"_links":{"self":[{"href":"https:\/\/www.panwaga.pl\/index.php?rest_route=\/wp\/v2\/pages\/343","targetHints":{"allow":["GET"]}}],"collection":[{"href":"https:\/\/www.panwaga.pl\/index.php?rest_route=\/wp\/v2\/pages"}],"about":[{"href":"https:\/\/www.panwaga.pl\/index.php?rest_route=\/wp\/v2\/types\/page"}],"author":[{"embeddable":true,"href":"https:\/\/www.panwaga.pl\/index.php?rest_route=\/wp\/v2\/users\/1"}],"replies":[{"embeddable":true,"href":"https:\/\/www.panwaga.pl\/index.php?rest_route=%2Fwp%2Fv2%2Fcomments&post=343"}],"version-history":[{"count":1,"href":"https:\/\/www.panwaga.pl\/index.php?rest_route=\/wp\/v2\/pages\/343\/revisions"}],"predecessor-version":[{"id":344,"href":"https:\/\/www.panwaga.pl\/index.php?rest_route=\/wp\/v2\/pages\/343\/revisions\/344"}],"wp:attachment":[{"href":"https:\/\/www.panwaga.pl\/index.php?rest_route=%2Fwp%2Fv2%2Fmedia&parent=343"}],"curies":[{"name":"wp","href":"https:\/\/api.w.org\/{rel}","templated":true}]}}