{"id":373,"date":"2020-06-07T16:02:04","date_gmt":"2020-06-07T14:02:04","guid":{"rendered":"https:\/\/www.panwaga.pl\/?page_id=373"},"modified":"2020-06-07T16:03:00","modified_gmt":"2020-06-07T14:03:00","slug":"legalizacja-wag","status":"publish","type":"page","link":"https:\/\/www.panwaga.pl\/?page_id=373","title":{"rendered":"Legalizacja Wag"},"content":{"rendered":"\n<p>Pami\u0119tajmy, legalizacja jest niezmiernie wa\u017cna w celu okresowego sprawdzenia urz\u0105dzenia pomiarowego, potwierdzenia jego prawid\u0142owego dzia\u0142ania oraz prawnej mo\u017cliwo\u015bci jego u\u017cytkowania.<\/p>\n\n\n\n<p>Nasza firma posiada du\u017ce do\u015bwiadczenie, ka\u017cda waga przed legalizacj\u0105 poddana jest pe\u0142nemu przegl\u0105dowi oraz sprawdzeniu wzorcami masy, wszystkie czynno\u015bci urz\u0119dowe wykonywane s\u0105 za Pa\u0144stwa, niezale\u017cnie od rodzaju wagi i jej no\u015bno\u015bci.<br>Wszelkie prace wykonuje wykwalifikowany serwis techniczny<\/p>\n\n\n\n<p>Ponadto zapewniamy wag\u0119 zast\u0119pcz\u0105 spe\u0142niaj\u0105c\u0105 oczekiwania klienta na czas wykonania us\u0142ugi, lub je\u015bli jest to konieczne prace wykonywane s\u0105 bezpo\u015brednio u klienta<\/p>\n\n\n\n<p>Pozdrawiamy i zapraszamy do wsp\u00f3\u0142pracy<br>\u201ePan Waga\u201d<\/p>\n","protected":false},"excerpt":{"rendered":"<p>Pami\u0119tajmy, legalizacja jest niezmiernie wa\u017cna w celu okresowego sprawdzenia urz\u0105dzenia pomiarowego, potwierdzenia jego prawid\u0142owego dzia\u0142ania oraz prawnej mo\u017cliwo\u015bci jego u\u017cytkowania. Nasza firma posiada du\u017ce do\u015bwiadczenie, ka\u017cda waga przed legalizacj\u0105 poddana jest pe\u0142nemu przegl\u0105dowi oraz sprawdzeniu wzorcami masy, wszystkie czynno\u015bci urz\u0119dowe wykonywane s\u0105 za Pa\u0144stwa, niezale\u017cnie od rodzaju wagi i jej no\u015bno\u015bci.Wszelkie prace wykonuje wykwalifikowany serwis techniczny Ponadto zapewniamy wag\u0119 zast\u0119pcz\u0105 spe\u0142niaj\u0105c\u0105 oczekiwania klienta na czas wykonania us\u0142ugi, lub je\u015bli jest to konieczne prace wykonywane s\u0105 bezpo\u015brednio u klienta Pozdrawiamy i zapraszamy do wsp\u00f3\u0142pracy\u201ePan Waga\u201d<\/p>\n","protected":false},"author":1,"featured_media":0,"parent":0,"menu_order":0,"comment_status":"closed","ping_status":"closed","template":"","meta":{"spay_email":"","footnotes":""},"class_list":["post-373","page","type-page","status-publish","hentry"],"yoast_head":"<!-- This site is optimized with the Yoast SEO plugin v19.0 - https:\/\/yoast.com\/wordpress\/plugins\/seo\/ -->\n<title>Legalizacja Wag - &quot;Pan Waga&quot;<\/title>\n<meta name=\"robots\" content=\"index, follow, max-snippet:-1, max-image-preview:large, max-video-preview:-1\" \/>\n<link rel=\"canonical\" href=\"https:\/\/www.panwaga.pl\/?page_id=373\" \/>\n<meta property=\"og:locale\" content=\"pl_PL\" \/>\n<meta property=\"og:type\" content=\"article\" \/>\n<meta property=\"og:title\" content=\"Legalizacja Wag - &quot;Pan Waga&quot;\" \/>\n<meta property=\"og:description\" content=\"Pami\u0119tajmy, legalizacja jest niezmiernie wa\u017cna w celu okresowego sprawdzenia urz\u0105dzenia pomiarowego, potwierdzenia jego prawid\u0142owego dzia\u0142ania oraz prawnej mo\u017cliwo\u015bci jego u\u017cytkowania. Nasza firma posiada du\u017ce do\u015bwiadczenie, ka\u017cda waga przed legalizacj\u0105 poddana jest pe\u0142nemu przegl\u0105dowi oraz sprawdzeniu wzorcami masy, wszystkie czynno\u015bci urz\u0119dowe wykonywane s\u0105 za Pa\u0144stwa, niezale\u017cnie od rodzaju wagi i jej no\u015bno\u015bci.Wszelkie prace wykonuje wykwalifikowany serwis techniczny Ponadto zapewniamy wag\u0119 zast\u0119pcz\u0105 spe\u0142niaj\u0105c\u0105 oczekiwania klienta na czas wykonania us\u0142ugi, lub je\u015bli jest to konieczne prace wykonywane s\u0105 bezpo\u015brednio u klienta Pozdrawiamy i zapraszamy do wsp\u00f3\u0142pracy\u201ePan Waga\u201d\" \/>\n<meta property=\"og:url\" content=\"https:\/\/www.panwaga.pl\/?page_id=373\" \/>\n<meta property=\"og:site_name\" content=\"&quot;Pan Waga&quot;\" \/>\n<meta property=\"article:modified_time\" content=\"2020-06-07T14:03:00+00:00\" \/>\n<meta name=\"twitter:card\" content=\"summary_large_image\" \/>\n<meta name=\"twitter:label1\" content=\"Szacowany czas czytania\" \/>\n\t<meta name=\"twitter:data1\" content=\"1 minuta\" \/>\n<script type=\"application\/ld+json\" class=\"yoast-schema-graph\">{\"@context\":\"https:\/\/schema.org\",\"@graph\":[{\"@type\":\"WebSite\",\"@id\":\"https:\/\/www.panwaga.pl\/#website\",\"url\":\"https:\/\/www.panwaga.pl\/\",\"name\":\"&quot;Pan Waga&quot;\",\"description\":\"Serwis sprz\u0119tu gastronomicznego, serwis wag, krajalnic, legalizacja\",\"potentialAction\":[{\"@type\":\"SearchAction\",\"target\":{\"@type\":\"EntryPoint\",\"urlTemplate\":\"https:\/\/www.panwaga.pl\/?s={search_term_string}\"},\"query-input\":\"required name=search_term_string\"}],\"inLanguage\":\"pl-PL\"},{\"@type\":\"WebPage\",\"@id\":\"https:\/\/www.panwaga.pl\/?page_id=373#webpage\",\"url\":\"https:\/\/www.panwaga.pl\/?page_id=373\",\"name\":\"Legalizacja Wag - &quot;Pan Waga&quot;\",\"isPartOf\":{\"@id\":\"https:\/\/www.panwaga.pl\/#website\"},\"datePublished\":\"2020-06-07T14:02:04+00:00\",\"dateModified\":\"2020-06-07T14:03:00+00:00\",\"breadcrumb\":{\"@id\":\"https:\/\/www.panwaga.pl\/?page_id=373#breadcrumb\"},\"inLanguage\":\"pl-PL\",\"potentialAction\":[{\"@type\":\"ReadAction\",\"target\":[\"https:\/\/www.panwaga.pl\/?page_id=373\"]}]},{\"@type\":\"BreadcrumbList\",\"@id\":\"https:\/\/www.panwaga.pl\/?page_id=373#breadcrumb\",\"itemListElement\":[{\"@type\":\"ListItem\",\"position\":1,\"name\":\"Home\",\"item\":\"https:\/\/www.panwaga.pl\/\"},{\"@type\":\"ListItem\",\"position\":2,\"name\":\"Legalizacja Wag\"}]}]}<\/script>\n<!-- \/ Yoast SEO plugin. -->","yoast_head_json":{"title":"Legalizacja Wag - &quot;Pan Waga&quot;","robots":{"index":"index","follow":"follow","max-snippet":"max-snippet:-1","max-image-preview":"max-image-preview:large","max-video-preview":"max-video-preview:-1"},"canonical":"https:\/\/www.panwaga.pl\/?page_id=373","og_locale":"pl_PL","og_type":"article","og_title":"Legalizacja Wag - &quot;Pan Waga&quot;","og_description":"Pami\u0119tajmy, legalizacja jest niezmiernie wa\u017cna w celu okresowego sprawdzenia urz\u0105dzenia pomiarowego, potwierdzenia jego prawid\u0142owego dzia\u0142ania oraz prawnej mo\u017cliwo\u015bci jego u\u017cytkowania. Nasza firma posiada du\u017ce do\u015bwiadczenie, ka\u017cda waga przed legalizacj\u0105 poddana jest pe\u0142nemu przegl\u0105dowi oraz sprawdzeniu wzorcami masy, wszystkie czynno\u015bci urz\u0119dowe wykonywane s\u0105 za Pa\u0144stwa, niezale\u017cnie od rodzaju wagi i jej no\u015bno\u015bci.Wszelkie prace wykonuje wykwalifikowany serwis techniczny Ponadto zapewniamy wag\u0119 zast\u0119pcz\u0105 spe\u0142niaj\u0105c\u0105 oczekiwania klienta na czas wykonania us\u0142ugi, lub je\u015bli jest to konieczne prace wykonywane s\u0105 bezpo\u015brednio u klienta Pozdrawiamy i zapraszamy do wsp\u00f3\u0142pracy\u201ePan Waga\u201d","og_url":"https:\/\/www.panwaga.pl\/?page_id=373","og_site_name":"&quot;Pan Waga&quot;","article_modified_time":"2020-06-07T14:03:00+00:00","twitter_card":"summary_large_image","twitter_misc":{"Szacowany czas czytania":"1 minuta"},"schema":{"@context":"https:\/\/schema.org","@graph":[{"@type":"WebSite","@id":"https:\/\/www.panwaga.pl\/#website","url":"https:\/\/www.panwaga.pl\/","name":"&quot;Pan Waga&quot;","description":"Serwis sprz\u0119tu gastronomicznego, serwis wag, krajalnic, legalizacja","potentialAction":[{"@type":"SearchAction","target":{"@type":"EntryPoint","urlTemplate":"https:\/\/www.panwaga.pl\/?s={search_term_string}"},"query-input":"required name=search_term_string"}],"inLanguage":"pl-PL"},{"@type":"WebPage","@id":"https:\/\/www.panwaga.pl\/?page_id=373#webpage","url":"https:\/\/www.panwaga.pl\/?page_id=373","name":"Legalizacja Wag - &quot;Pan Waga&quot;","isPartOf":{"@id":"https:\/\/www.panwaga.pl\/#website"},"datePublished":"2020-06-07T14:02:04+00:00","dateModified":"2020-06-07T14:03:00+00:00","breadcrumb":{"@id":"https:\/\/www.panwaga.pl\/?page_id=373#breadcrumb"},"inLanguage":"pl-PL","potentialAction":[{"@type":"ReadAction","target":["https:\/\/www.panwaga.pl\/?page_id=373"]}]},{"@type":"BreadcrumbList","@id":"https:\/\/www.panwaga.pl\/?page_id=373#breadcrumb","itemListElement":[{"@type":"ListItem","position":1,"name":"Home","item":"https:\/\/www.panwaga.pl\/"},{"@type":"ListItem","position":2,"name":"Legalizacja Wag"}]}]}},"_links":{"self":[{"href":"https:\/\/www.panwaga.pl\/index.php?rest_route=\/wp\/v2\/pages\/373","targetHints":{"allow":["GET"]}}],"collection":[{"href":"https:\/\/www.panwaga.pl\/index.php?rest_route=\/wp\/v2\/pages"}],"about":[{"href":"https:\/\/www.panwaga.pl\/index.php?rest_route=\/wp\/v2\/types\/page"}],"author":[{"embeddable":true,"href":"https:\/\/www.panwaga.pl\/index.php?rest_route=\/wp\/v2\/users\/1"}],"replies":[{"embeddable":true,"href":"https:\/\/www.panwaga.pl\/index.php?rest_route=%2Fwp%2Fv2%2Fcomments&post=373"}],"version-history":[{"count":1,"href":"https:\/\/www.panwaga.pl\/index.php?rest_route=\/wp\/v2\/pages\/373\/revisions"}],"predecessor-version":[{"id":374,"href":"https:\/\/www.panwaga.pl\/index.php?rest_route=\/wp\/v2\/pages\/373\/revisions\/374"}],"wp:attachment":[{"href":"https:\/\/www.panwaga.pl\/index.php?rest_route=%2Fwp%2Fv2%2Fmedia&parent=373"}],"curies":[{"name":"wp","href":"https:\/\/api.w.org\/{rel}","templated":true}]}}