{"id":381,"date":"2020-06-07T16:08:17","date_gmt":"2020-06-07T14:08:17","guid":{"rendered":"https:\/\/www.panwaga.pl\/?page_id=381"},"modified":"2020-06-07T20:29:51","modified_gmt":"2020-06-07T18:29:51","slug":"wypozyczalnia-wag","status":"publish","type":"page","link":"https:\/\/www.panwaga.pl\/?page_id=381","title":{"rendered":"Wypo\u017cyczalnia Wag"},"content":{"rendered":"\n<p>Je\u015bli do prowadzenia Twojej dzia\u0142alno\u015bci waga jest zb\u0119dna, lecz pomocna przy inwentaryzacji lub okresowych czynno\u015bciach staje si\u0119 niezb\u0119dna\u2026.<br><br>Wystarczy skontaktowa\u0107 si\u0119 z nasz\u0105 firm\u0105, posiadamy szerok\u0105 gam\u0119 wag w ofercie naszej wypo\u017cyczalni, dzi\u0119ki czemu inwentaryzacj\u0119 dokonasz szybciej ni\u017c my\u015blisz przy mniejszej ilo\u015bci os\u00f3b.<\/p>\n","protected":false},"excerpt":{"rendered":"<p>Je\u015bli do prowadzenia Twojej dzia\u0142alno\u015bci waga jest zb\u0119dna, lecz pomocna przy inwentaryzacji lub okresowych czynno\u015bciach staje si\u0119 niezb\u0119dna\u2026. Wystarczy skontaktowa\u0107 si\u0119 z nasz\u0105 firm\u0105, posiadamy szerok\u0105 gam\u0119 wag w ofercie naszej wypo\u017cyczalni, dzi\u0119ki czemu inwentaryzacj\u0119 dokonasz szybciej ni\u017c my\u015blisz przy mniejszej ilo\u015bci os\u00f3b.<\/p>\n","protected":false},"author":1,"featured_media":0,"parent":0,"menu_order":0,"comment_status":"closed","ping_status":"closed","template":"","meta":{"spay_email":"","footnotes":""},"class_list":["post-381","page","type-page","status-publish","hentry"],"yoast_head":"<!-- This site is optimized with the Yoast SEO plugin v19.0 - https:\/\/yoast.com\/wordpress\/plugins\/seo\/ -->\n<title>Wypo\u017cyczalnia Wag - &quot;Pan Waga&quot;<\/title>\n<meta name=\"robots\" content=\"index, follow, max-snippet:-1, max-image-preview:large, max-video-preview:-1\" \/>\n<link rel=\"canonical\" href=\"https:\/\/www.panwaga.pl\/?page_id=381\" \/>\n<meta property=\"og:locale\" content=\"pl_PL\" \/>\n<meta property=\"og:type\" content=\"article\" \/>\n<meta property=\"og:title\" content=\"Wypo\u017cyczalnia Wag - &quot;Pan Waga&quot;\" \/>\n<meta property=\"og:description\" content=\"Je\u015bli do prowadzenia Twojej dzia\u0142alno\u015bci waga jest zb\u0119dna, lecz pomocna przy inwentaryzacji lub okresowych czynno\u015bciach staje si\u0119 niezb\u0119dna\u2026. Wystarczy skontaktowa\u0107 si\u0119 z nasz\u0105 firm\u0105, posiadamy szerok\u0105 gam\u0119 wag w ofercie naszej wypo\u017cyczalni, dzi\u0119ki czemu inwentaryzacj\u0119 dokonasz szybciej ni\u017c my\u015blisz przy mniejszej ilo\u015bci os\u00f3b.\" \/>\n<meta property=\"og:url\" content=\"https:\/\/www.panwaga.pl\/?page_id=381\" \/>\n<meta property=\"og:site_name\" content=\"&quot;Pan Waga&quot;\" \/>\n<meta property=\"article:modified_time\" content=\"2020-06-07T18:29:51+00:00\" \/>\n<meta name=\"twitter:card\" content=\"summary_large_image\" \/>\n<script type=\"application\/ld+json\" class=\"yoast-schema-graph\">{\"@context\":\"https:\/\/schema.org\",\"@graph\":[{\"@type\":\"WebSite\",\"@id\":\"https:\/\/www.panwaga.pl\/#website\",\"url\":\"https:\/\/www.panwaga.pl\/\",\"name\":\"&quot;Pan Waga&quot;\",\"description\":\"Serwis sprz\u0119tu gastronomicznego, serwis wag, krajalnic, legalizacja\",\"potentialAction\":[{\"@type\":\"SearchAction\",\"target\":{\"@type\":\"EntryPoint\",\"urlTemplate\":\"https:\/\/www.panwaga.pl\/?s={search_term_string}\"},\"query-input\":\"required name=search_term_string\"}],\"inLanguage\":\"pl-PL\"},{\"@type\":\"WebPage\",\"@id\":\"https:\/\/www.panwaga.pl\/?page_id=381#webpage\",\"url\":\"https:\/\/www.panwaga.pl\/?page_id=381\",\"name\":\"Wypo\u017cyczalnia Wag - &quot;Pan Waga&quot;\",\"isPartOf\":{\"@id\":\"https:\/\/www.panwaga.pl\/#website\"},\"datePublished\":\"2020-06-07T14:08:17+00:00\",\"dateModified\":\"2020-06-07T18:29:51+00:00\",\"breadcrumb\":{\"@id\":\"https:\/\/www.panwaga.pl\/?page_id=381#breadcrumb\"},\"inLanguage\":\"pl-PL\",\"potentialAction\":[{\"@type\":\"ReadAction\",\"target\":[\"https:\/\/www.panwaga.pl\/?page_id=381\"]}]},{\"@type\":\"BreadcrumbList\",\"@id\":\"https:\/\/www.panwaga.pl\/?page_id=381#breadcrumb\",\"itemListElement\":[{\"@type\":\"ListItem\",\"position\":1,\"name\":\"Home\",\"item\":\"https:\/\/www.panwaga.pl\/\"},{\"@type\":\"ListItem\",\"position\":2,\"name\":\"Wypo\u017cyczalnia Wag\"}]}]}<\/script>\n<!-- \/ Yoast SEO plugin. -->","yoast_head_json":{"title":"Wypo\u017cyczalnia Wag - &quot;Pan Waga&quot;","robots":{"index":"index","follow":"follow","max-snippet":"max-snippet:-1","max-image-preview":"max-image-preview:large","max-video-preview":"max-video-preview:-1"},"canonical":"https:\/\/www.panwaga.pl\/?page_id=381","og_locale":"pl_PL","og_type":"article","og_title":"Wypo\u017cyczalnia Wag - &quot;Pan Waga&quot;","og_description":"Je\u015bli do prowadzenia Twojej dzia\u0142alno\u015bci waga jest zb\u0119dna, lecz pomocna przy inwentaryzacji lub okresowych czynno\u015bciach staje si\u0119 niezb\u0119dna\u2026. Wystarczy skontaktowa\u0107 si\u0119 z nasz\u0105 firm\u0105, posiadamy szerok\u0105 gam\u0119 wag w ofercie naszej wypo\u017cyczalni, dzi\u0119ki czemu inwentaryzacj\u0119 dokonasz szybciej ni\u017c my\u015blisz przy mniejszej ilo\u015bci os\u00f3b.","og_url":"https:\/\/www.panwaga.pl\/?page_id=381","og_site_name":"&quot;Pan Waga&quot;","article_modified_time":"2020-06-07T18:29:51+00:00","twitter_card":"summary_large_image","schema":{"@context":"https:\/\/schema.org","@graph":[{"@type":"WebSite","@id":"https:\/\/www.panwaga.pl\/#website","url":"https:\/\/www.panwaga.pl\/","name":"&quot;Pan Waga&quot;","description":"Serwis sprz\u0119tu gastronomicznego, serwis wag, krajalnic, legalizacja","potentialAction":[{"@type":"SearchAction","target":{"@type":"EntryPoint","urlTemplate":"https:\/\/www.panwaga.pl\/?s={search_term_string}"},"query-input":"required name=search_term_string"}],"inLanguage":"pl-PL"},{"@type":"WebPage","@id":"https:\/\/www.panwaga.pl\/?page_id=381#webpage","url":"https:\/\/www.panwaga.pl\/?page_id=381","name":"Wypo\u017cyczalnia Wag - &quot;Pan Waga&quot;","isPartOf":{"@id":"https:\/\/www.panwaga.pl\/#website"},"datePublished":"2020-06-07T14:08:17+00:00","dateModified":"2020-06-07T18:29:51+00:00","breadcrumb":{"@id":"https:\/\/www.panwaga.pl\/?page_id=381#breadcrumb"},"inLanguage":"pl-PL","potentialAction":[{"@type":"ReadAction","target":["https:\/\/www.panwaga.pl\/?page_id=381"]}]},{"@type":"BreadcrumbList","@id":"https:\/\/www.panwaga.pl\/?page_id=381#breadcrumb","itemListElement":[{"@type":"ListItem","position":1,"name":"Home","item":"https:\/\/www.panwaga.pl\/"},{"@type":"ListItem","position":2,"name":"Wypo\u017cyczalnia Wag"}]}]}},"_links":{"self":[{"href":"https:\/\/www.panwaga.pl\/index.php?rest_route=\/wp\/v2\/pages\/381","targetHints":{"allow":["GET"]}}],"collection":[{"href":"https:\/\/www.panwaga.pl\/index.php?rest_route=\/wp\/v2\/pages"}],"about":[{"href":"https:\/\/www.panwaga.pl\/index.php?rest_route=\/wp\/v2\/types\/page"}],"author":[{"embeddable":true,"href":"https:\/\/www.panwaga.pl\/index.php?rest_route=\/wp\/v2\/users\/1"}],"replies":[{"embeddable":true,"href":"https:\/\/www.panwaga.pl\/index.php?rest_route=%2Fwp%2Fv2%2Fcomments&post=381"}],"version-history":[{"count":2,"href":"https:\/\/www.panwaga.pl\/index.php?rest_route=\/wp\/v2\/pages\/381\/revisions"}],"predecessor-version":[{"id":432,"href":"https:\/\/www.panwaga.pl\/index.php?rest_route=\/wp\/v2\/pages\/381\/revisions\/432"}],"wp:attachment":[{"href":"https:\/\/www.panwaga.pl\/index.php?rest_route=%2Fwp%2Fv2%2Fmedia&parent=381"}],"curies":[{"name":"wp","href":"https:\/\/api.w.org\/{rel}","templated":true}]}}