{"id":4390,"date":"2021-08-19T13:28:01","date_gmt":"2021-08-19T11:28:01","guid":{"rendered":"https:\/\/www.panwaga.pl\/?post_type=product&#038;p=4390"},"modified":"2021-08-19T13:45:03","modified_gmt":"2021-08-19T11:45:03","slug":"kasa-fiskalna-novitus-nano-online","status":"publish","type":"product","link":"https:\/\/www.panwaga.pl\/?product=kasa-fiskalna-novitus-nano-online","title":{"rendered":"Kasa Fiskalna NOVITUS NANO ONLINE"},"content":{"rendered":"<p>NANO online to wszechstronna kasa, dedykowana zar\u00f3wno do pracy stacjonarnej jak i w terenie, w us\u0142ugach oraz \u015brednich i ma\u0142ych plac\u00f3wkach handlowych. Zaufaj marce, u\u017cywanej przez ponad 900 000 u\u017cytkownik\u00f3w. Jest to najmniejsza kasa fiskalna w ofercie NOVITUS, kt\u00f3ra jednocze\u015bnie obs\u0142uguje komunikacj\u0119 z Centralnym Repozytorium Kas (CRK), zgodnie z wymogami Rozporz\u0105dzenia Ministra Przedsi\u0119biorczo\u015bci i Technologii z dnia 28 maja 2018 r. w sprawie kryteri\u00f3w i warunk\u00f3w technicznych, kt\u00f3rym musz\u0105 odpowiada\u0107 kasy rejestruj\u0105ce. Kopia wydruku dla u\u017cytkownika przechowywana jest w pami\u0119ci chronionej urz\u0105dzenia, a dost\u0119p do niej jest realizowany poprzez dedykowan\u0105 aplikacj\u0119.<\/p>\n<p>Niewielkie gabaryty i ergonomia \u2022 NANO online znajduje zastosowanie w wielu miejscach: ma\u0142ych i \u015brednich sklepach, gabinetach lekarskich, kancelariach prawnych, gabinetach kosmetycznych czy fryzjerskich, innych punktach us\u0142ugowych oraz w sprzeda\u017cy mobilnej, w kt\u00f3rej szczeg\u00f3lnie doceniane s\u0105 niewielkie gabaryty i ergonomia kasy.<\/p>\n<p>Intuicyjna w obs\u0142udze \u2022 pomimo bardzo bogatej funkcjonalno\u015bci kasa jest wyj\u0105tkowo intuicyjna i \u0142atwa w obs\u0142udze, a wysokiej jako\u015bci podzespo\u0142y zapewniaj\u0105 jej niezawodno\u015b\u0107 na najwy\u017cszym poziomie. W\u015br\u00f3d wielu funkcji u\u017cytkowych kasy znajduj\u0105 si\u0119 m.in. funkcja obs\u0142ugi wielu walut, obs\u0142uga us\u0142ug BUS oraz wypo\u017cyczalni, parking\u00f3w itp. Dzi\u0119ki pod\u015bwietlanej klawiaturze, obs\u0142uga kasy jest mo\u017cliwa tak\u017ce przy s\u0142abym o\u015bwietleniu.<\/p>\n<p>Wydajna i kompatybilna \u2022 NANO online posiada bardzo wydajny akumulator \u2013 bez zasilania zewn\u0119trznego mo\u017ce wydrukowa\u0107 nawet 3.000 paragon\u00f3w. Kasa mo\u017ce komunikowa\u0107 si\u0119 m.in. z CRK, komputerem, wag\u0105, skanerem, terminalem p\u0142atniczym. Klawiatura wykonana jest z silikonu, co zabezpiecza elektronik\u0119 przed zanieczyszczeniami lub przypadkowym zalaniem. NANO online ma mo\u017cliwo\u015b\u0107 drukowania grafiki w nag\u0142\u00f3wku paragonu, zaprogramowania nazwy towaru do 40 znak\u00f3w oraz wydrukowania NIP-u nabywcy na paragonie.<\/p>\n","protected":false},"excerpt":{"rendered":"<p>Bardzo lekka i niezawodna kasa fiskalna firmy NOVITUS,<br \/>\nW kasie bez problemu zainstalowa\u0107 mo\u017cna dodatkowe modu\u0142y \u0142\u0105czno\u015bci (tzw. dongle), m.in. WiFi, BT, modem 3G\/LTE. Dzi\u0119ki takiemu po\u0142\u0105czeniu mo\u017cna pracowa\u0107 mobilnie i korzysta\u0107 ze skanera BT bez dodatkowych przewod\u00f3w po\u0142\u0105czeniowych.<\/p>\n","protected":false},"featured_media":4397,"template":"","meta":{"spay_email":""},"product_cat":[51,52,50],"product_tag":[68,70,69],"class_list":{"0":"post-4390","1":"product","2":"type-product","3":"status-publish","4":"has-post-thumbnail","6":"product_cat-kasy","7":"product_cat-kasy-mobilne","8":"product_cat-fiskalne","9":"product_tag-kasa-fiskalna","10":"product_tag-nano-online","11":"product_tag-novitus","13":"first","14":"instock","15":"taxable","16":"shipping-taxable","17":"purchasable","18":"product-type-simple"},"yoast_head":"<!-- This site is optimized with the Yoast SEO plugin v19.0 - https:\/\/yoast.com\/wordpress\/plugins\/seo\/ -->\n<title>Kasa Fiskalna NOVITUS NANO ONLINE - &quot;Pan Waga&quot;<\/title>\n<meta name=\"robots\" content=\"index, follow, max-snippet:-1, max-image-preview:large, max-video-preview:-1\" \/>\n<link rel=\"canonical\" href=\"https:\/\/www.panwaga.pl\/?product=kasa-fiskalna-novitus-nano-online\" \/>\n<meta property=\"og:locale\" content=\"pl_PL\" \/>\n<meta property=\"og:type\" content=\"article\" \/>\n<meta property=\"og:title\" content=\"Kasa Fiskalna NOVITUS NANO ONLINE - &quot;Pan Waga&quot;\" \/>\n<meta property=\"og:description\" content=\"Bardzo lekka i niezawodna kasa fiskalna firmy NOVITUS, W kasie bez problemu zainstalowa\u0107 mo\u017cna dodatkowe modu\u0142y \u0142\u0105czno\u015bci (tzw. dongle), m.in. WiFi, BT, modem 3G\/LTE. Dzi\u0119ki takiemu po\u0142\u0105czeniu mo\u017cna pracowa\u0107 mobilnie i korzysta\u0107 ze skanera BT bez dodatkowych przewod\u00f3w po\u0142\u0105czeniowych.\" \/>\n<meta property=\"og:url\" content=\"https:\/\/www.panwaga.pl\/?product=kasa-fiskalna-novitus-nano-online\" \/>\n<meta property=\"og:site_name\" content=\"&quot;Pan Waga&quot;\" \/>\n<meta property=\"article:modified_time\" content=\"2021-08-19T11:45:03+00:00\" \/>\n<meta property=\"og:image\" content=\"https:\/\/www.panwaga.pl\/wp-content\/uploads\/2021\/08\/NANO-ONLINE-1.png\" \/>\n\t<meta property=\"og:image:width\" content=\"900\" \/>\n\t<meta property=\"og:image:height\" content=\"900\" \/>\n\t<meta property=\"og:image:type\" content=\"image\/png\" \/>\n<meta name=\"twitter:card\" content=\"summary_large_image\" \/>\n<meta name=\"twitter:label1\" content=\"Szacowany czas czytania\" \/>\n\t<meta name=\"twitter:data1\" content=\"2 minuty\" \/>\n<script type=\"application\/ld+json\" class=\"yoast-schema-graph\">{\"@context\":\"https:\/\/schema.org\",\"@graph\":[{\"@type\":\"WebSite\",\"@id\":\"https:\/\/www.panwaga.pl\/#website\",\"url\":\"https:\/\/www.panwaga.pl\/\",\"name\":\"&quot;Pan Waga&quot;\",\"description\":\"Serwis sprz\u0119tu gastronomicznego, serwis wag, krajalnic, legalizacja\",\"potentialAction\":[{\"@type\":\"SearchAction\",\"target\":{\"@type\":\"EntryPoint\",\"urlTemplate\":\"https:\/\/www.panwaga.pl\/?s={search_term_string}\"},\"query-input\":\"required name=search_term_string\"}],\"inLanguage\":\"pl-PL\"},{\"@type\":\"ImageObject\",\"inLanguage\":\"pl-PL\",\"@id\":\"https:\/\/www.panwaga.pl\/?product=kasa-fiskalna-novitus-nano-online#primaryimage\",\"url\":\"https:\/\/www.panwaga.pl\/wp-content\/uploads\/2021\/08\/NANO-ONLINE-1.png\",\"contentUrl\":\"https:\/\/www.panwaga.pl\/wp-content\/uploads\/2021\/08\/NANO-ONLINE-1.png\",\"width\":900,\"height\":900},{\"@type\":\"WebPage\",\"@id\":\"https:\/\/www.panwaga.pl\/?product=kasa-fiskalna-novitus-nano-online#webpage\",\"url\":\"https:\/\/www.panwaga.pl\/?product=kasa-fiskalna-novitus-nano-online\",\"name\":\"Kasa Fiskalna NOVITUS NANO ONLINE - &quot;Pan Waga&quot;\",\"isPartOf\":{\"@id\":\"https:\/\/www.panwaga.pl\/#website\"},\"primaryImageOfPage\":{\"@id\":\"https:\/\/www.panwaga.pl\/?product=kasa-fiskalna-novitus-nano-online#primaryimage\"},\"datePublished\":\"2021-08-19T11:28:01+00:00\",\"dateModified\":\"2021-08-19T11:45:03+00:00\",\"breadcrumb\":{\"@id\":\"https:\/\/www.panwaga.pl\/?product=kasa-fiskalna-novitus-nano-online#breadcrumb\"},\"inLanguage\":\"pl-PL\",\"potentialAction\":[{\"@type\":\"ReadAction\",\"target\":[\"https:\/\/www.panwaga.pl\/?product=kasa-fiskalna-novitus-nano-online\"]}]},{\"@type\":\"BreadcrumbList\",\"@id\":\"https:\/\/www.panwaga.pl\/?product=kasa-fiskalna-novitus-nano-online#breadcrumb\",\"itemListElement\":[{\"@type\":\"ListItem\",\"position\":1,\"name\":\"Home\",\"item\":\"https:\/\/www.panwaga.pl\/\"},{\"@type\":\"ListItem\",\"position\":2,\"name\":\"Shop\",\"item\":\"https:\/\/www.panwaga.pl\/?page_id=182\"},{\"@type\":\"ListItem\",\"position\":3,\"name\":\"Kasa Fiskalna NOVITUS NANO ONLINE\"}]}]}<\/script>\n<!-- \/ Yoast SEO plugin. -->","yoast_head_json":{"title":"Kasa Fiskalna NOVITUS NANO ONLINE - &quot;Pan Waga&quot;","robots":{"index":"index","follow":"follow","max-snippet":"max-snippet:-1","max-image-preview":"max-image-preview:large","max-video-preview":"max-video-preview:-1"},"canonical":"https:\/\/www.panwaga.pl\/?product=kasa-fiskalna-novitus-nano-online","og_locale":"pl_PL","og_type":"article","og_title":"Kasa Fiskalna NOVITUS NANO ONLINE - &quot;Pan Waga&quot;","og_description":"Bardzo lekka i niezawodna kasa fiskalna firmy NOVITUS, W kasie bez problemu zainstalowa\u0107 mo\u017cna dodatkowe modu\u0142y \u0142\u0105czno\u015bci (tzw. dongle), m.in. WiFi, BT, modem 3G\/LTE. Dzi\u0119ki takiemu po\u0142\u0105czeniu mo\u017cna pracowa\u0107 mobilnie i korzysta\u0107 ze skanera BT bez dodatkowych przewod\u00f3w po\u0142\u0105czeniowych.","og_url":"https:\/\/www.panwaga.pl\/?product=kasa-fiskalna-novitus-nano-online","og_site_name":"&quot;Pan Waga&quot;","article_modified_time":"2021-08-19T11:45:03+00:00","og_image":[{"width":900,"height":900,"url":"https:\/\/www.panwaga.pl\/wp-content\/uploads\/2021\/08\/NANO-ONLINE-1.png","type":"image\/png"}],"twitter_card":"summary_large_image","twitter_misc":{"Szacowany czas czytania":"2 minuty"},"schema":{"@context":"https:\/\/schema.org","@graph":[{"@type":"WebSite","@id":"https:\/\/www.panwaga.pl\/#website","url":"https:\/\/www.panwaga.pl\/","name":"&quot;Pan Waga&quot;","description":"Serwis sprz\u0119tu gastronomicznego, serwis wag, krajalnic, legalizacja","potentialAction":[{"@type":"SearchAction","target":{"@type":"EntryPoint","urlTemplate":"https:\/\/www.panwaga.pl\/?s={search_term_string}"},"query-input":"required name=search_term_string"}],"inLanguage":"pl-PL"},{"@type":"ImageObject","inLanguage":"pl-PL","@id":"https:\/\/www.panwaga.pl\/?product=kasa-fiskalna-novitus-nano-online#primaryimage","url":"https:\/\/www.panwaga.pl\/wp-content\/uploads\/2021\/08\/NANO-ONLINE-1.png","contentUrl":"https:\/\/www.panwaga.pl\/wp-content\/uploads\/2021\/08\/NANO-ONLINE-1.png","width":900,"height":900},{"@type":"WebPage","@id":"https:\/\/www.panwaga.pl\/?product=kasa-fiskalna-novitus-nano-online#webpage","url":"https:\/\/www.panwaga.pl\/?product=kasa-fiskalna-novitus-nano-online","name":"Kasa Fiskalna NOVITUS NANO ONLINE - &quot;Pan Waga&quot;","isPartOf":{"@id":"https:\/\/www.panwaga.pl\/#website"},"primaryImageOfPage":{"@id":"https:\/\/www.panwaga.pl\/?product=kasa-fiskalna-novitus-nano-online#primaryimage"},"datePublished":"2021-08-19T11:28:01+00:00","dateModified":"2021-08-19T11:45:03+00:00","breadcrumb":{"@id":"https:\/\/www.panwaga.pl\/?product=kasa-fiskalna-novitus-nano-online#breadcrumb"},"inLanguage":"pl-PL","potentialAction":[{"@type":"ReadAction","target":["https:\/\/www.panwaga.pl\/?product=kasa-fiskalna-novitus-nano-online"]}]},{"@type":"BreadcrumbList","@id":"https:\/\/www.panwaga.pl\/?product=kasa-fiskalna-novitus-nano-online#breadcrumb","itemListElement":[{"@type":"ListItem","position":1,"name":"Home","item":"https:\/\/www.panwaga.pl\/"},{"@type":"ListItem","position":2,"name":"Shop","item":"https:\/\/www.panwaga.pl\/?page_id=182"},{"@type":"ListItem","position":3,"name":"Kasa Fiskalna NOVITUS NANO ONLINE"}]}]}},"_links":{"self":[{"href":"https:\/\/www.panwaga.pl\/index.php?rest_route=\/wp\/v2\/product\/4390","targetHints":{"allow":["GET"]}}],"collection":[{"href":"https:\/\/www.panwaga.pl\/index.php?rest_route=\/wp\/v2\/product"}],"about":[{"href":"https:\/\/www.panwaga.pl\/index.php?rest_route=\/wp\/v2\/types\/product"}],"wp:featuredmedia":[{"embeddable":true,"href":"https:\/\/www.panwaga.pl\/index.php?rest_route=\/wp\/v2\/media\/4397"}],"wp:attachment":[{"href":"https:\/\/www.panwaga.pl\/index.php?rest_route=%2Fwp%2Fv2%2Fmedia&parent=4390"}],"wp:term":[{"taxonomy":"product_cat","embeddable":true,"href":"https:\/\/www.panwaga.pl\/index.php?rest_route=%2Fwp%2Fv2%2Fproduct_cat&post=4390"},{"taxonomy":"product_tag","embeddable":true,"href":"https:\/\/www.panwaga.pl\/index.php?rest_route=%2Fwp%2Fv2%2Fproduct_tag&post=4390"}],"curies":[{"name":"wp","href":"https:\/\/api.w.org\/{rel}","templated":true}]}}