{"id":4400,"date":"2021-08-19T15:02:56","date_gmt":"2021-08-19T13:02:56","guid":{"rendered":"https:\/\/www.panwaga.pl\/?post_type=product&#038;p=4400"},"modified":"2021-08-19T15:16:35","modified_gmt":"2021-08-19T13:16:35","slug":"4400","status":"publish","type":"product","link":"https:\/\/www.panwaga.pl\/?product=4400","title":{"rendered":"Kasa Fiskalna NOVITUS MA\u0141A ONLINE"},"content":{"rendered":"<p>Kasa MA\u0141A Online to\u00a0doskona\u0142a\u00a0ergonomia, oraz najwy\u017csza jako\u015b\u0107 zastosowanych podzespo\u0142\u00f3w, kt\u00f3re sprawi\u0105, \u017ce zar\u00f3wno\u00a0pocz\u0105tkuj\u0105cy jak i wieloletni u\u017cytkownik kas fiskalnych znajdzie w\u00a0niej to, czego obecnie mo\u017cna wymaga\u0107 od nowoczesnej kasy.\u00a0Je\u015bli mobilno\u015b\u0107 nie jest Twoim priorytetem i cenisz klasyczne projekty, postaw na mechaniczn\u0105 klawiatur\u0119 typu switch o wysokim skoku. Eliminuj b\u0142\u0119dy kasjer\u00f3w i przyspiesz ich prac\u0119. Innowacyjne umieszczenie wy\u015bwietlacza klienta pozwala na wygodne \u015bledzenie pozycji paragonu na ekranie.<\/p>\n<p>MA\u0141A Online nale\u017cy jak pozosta\u0142e kasy online do\u00a0rodziny urz\u0105dze\u0144<strong> Novitus Online Power.<\/strong>\u00a0Co to znaczy? Stworzyli\u015bmy lini\u0119 urz\u0105dze\u0144 o niespotykanej do tej pory mocy, na kt\u00f3r\u0105 sk\u0142adaj\u0105 si\u0119 m.in. 32 bitowe procesory o taktowaniu nawet do 524MHz, ogromna pami\u0119\u0107 wewn\u0119trza oraz 256MB pami\u0119ci operacyjnej.\u00a0 System LINUX gwarantuje stabiln\u0105 prac\u0119, a nasza platforma daje zapas mocy na wiele lat do przodu, niezale\u017cnie od przysz\u0142ych wyzwa\u0144. Bezpiecze\u0144stwo danych zapewnia modu\u0142 TPM oraz dwustronna autentykacja \u2013 rozwi\u0105zania sprawdzone w ponad 4 miliardach urz\u0105dze\u0144 na \u015bwiecie.<\/p>\n","protected":false},"excerpt":{"rendered":"<p>Kasa MA\u0141A Online to doskona\u0142a ergonomia, dedykowana dla ma\u0142ych punkt\u00f3w sprzeda\u017cy, umo\u017cliwia przekazywanie danych do Centralnym Repozytorium Kas (CRK) poprzez port LAN lub opcjonalnie przez modu\u0142y WiFi lub GSM, zgodnie z wymogami Rozporz\u0105dzenia Ministra Przedsi\u0119biorczo\u015bci i Technologii z dnia 28 maja 2018 r. w sprawie kryteri\u00f3w i warunk\u00f3w technicznych, kt\u00f3rym musz\u0105 odpowiada\u0107 kasy rejestruj\u0105ce.<\/p>\n","protected":false},"featured_media":4401,"template":"","meta":{"spay_email":""},"product_cat":[51,53,50],"product_tag":[],"class_list":{"0":"post-4400","1":"product","2":"type-product","3":"status-publish","4":"has-post-thumbnail","6":"product_cat-kasy","7":"product_cat-kasy-stacjonarne","8":"product_cat-fiskalne","10":"first","11":"instock","12":"taxable","13":"shipping-taxable","14":"purchasable","15":"product-type-simple"},"yoast_head":"<!-- This site is optimized with the Yoast SEO plugin v19.0 - https:\/\/yoast.com\/wordpress\/plugins\/seo\/ -->\n<title>Kasa Fiskalna NOVITUS MA\u0141A ONLINE - &quot;Pan Waga&quot;<\/title>\n<meta name=\"robots\" content=\"index, follow, max-snippet:-1, max-image-preview:large, max-video-preview:-1\" \/>\n<link rel=\"canonical\" href=\"https:\/\/www.panwaga.pl\/?product=4400\" \/>\n<meta property=\"og:locale\" content=\"pl_PL\" \/>\n<meta property=\"og:type\" content=\"article\" \/>\n<meta property=\"og:title\" content=\"Kasa Fiskalna NOVITUS MA\u0141A ONLINE - &quot;Pan Waga&quot;\" \/>\n<meta property=\"og:description\" content=\"Kasa MA\u0141A Online to doskona\u0142a ergonomia, dedykowana dla ma\u0142ych punkt\u00f3w sprzeda\u017cy, umo\u017cliwia przekazywanie danych do Centralnym Repozytorium Kas (CRK) poprzez port LAN lub opcjonalnie przez modu\u0142y WiFi lub GSM, zgodnie z wymogami Rozporz\u0105dzenia Ministra Przedsi\u0119biorczo\u015bci i Technologii z dnia 28 maja 2018 r. w sprawie kryteri\u00f3w i warunk\u00f3w technicznych, kt\u00f3rym musz\u0105 odpowiada\u0107 kasy rejestruj\u0105ce.\" \/>\n<meta property=\"og:url\" content=\"https:\/\/www.panwaga.pl\/?product=4400\" \/>\n<meta property=\"og:site_name\" content=\"&quot;Pan Waga&quot;\" \/>\n<meta property=\"article:modified_time\" content=\"2021-08-19T13:16:35+00:00\" \/>\n<meta property=\"og:image\" content=\"https:\/\/www.panwaga.pl\/wp-content\/uploads\/2021\/08\/MA\u0141A-ONLINE-NOVITUS-KASA-FISKALNA-PAN-WAGA-1.png\" \/>\n\t<meta property=\"og:image:width\" content=\"900\" \/>\n\t<meta property=\"og:image:height\" content=\"900\" \/>\n\t<meta property=\"og:image:type\" content=\"image\/png\" \/>\n<meta name=\"twitter:card\" content=\"summary_large_image\" \/>\n<meta name=\"twitter:label1\" content=\"Szacowany czas czytania\" \/>\n\t<meta name=\"twitter:data1\" content=\"1 minuta\" \/>\n<script type=\"application\/ld+json\" class=\"yoast-schema-graph\">{\"@context\":\"https:\/\/schema.org\",\"@graph\":[{\"@type\":\"WebSite\",\"@id\":\"https:\/\/www.panwaga.pl\/#website\",\"url\":\"https:\/\/www.panwaga.pl\/\",\"name\":\"&quot;Pan Waga&quot;\",\"description\":\"Serwis sprz\u0119tu gastronomicznego, serwis wag, krajalnic, legalizacja\",\"potentialAction\":[{\"@type\":\"SearchAction\",\"target\":{\"@type\":\"EntryPoint\",\"urlTemplate\":\"https:\/\/www.panwaga.pl\/?s={search_term_string}\"},\"query-input\":\"required name=search_term_string\"}],\"inLanguage\":\"pl-PL\"},{\"@type\":\"ImageObject\",\"inLanguage\":\"pl-PL\",\"@id\":\"https:\/\/www.panwaga.pl\/?product=4400#primaryimage\",\"url\":\"https:\/\/www.panwaga.pl\/wp-content\/uploads\/2021\/08\/MA\u0141A-ONLINE-NOVITUS-KASA-FISKALNA-PAN-WAGA-1.png\",\"contentUrl\":\"https:\/\/www.panwaga.pl\/wp-content\/uploads\/2021\/08\/MA\u0141A-ONLINE-NOVITUS-KASA-FISKALNA-PAN-WAGA-1.png\",\"width\":900,\"height\":900},{\"@type\":\"WebPage\",\"@id\":\"https:\/\/www.panwaga.pl\/?product=4400#webpage\",\"url\":\"https:\/\/www.panwaga.pl\/?product=4400\",\"name\":\"Kasa Fiskalna NOVITUS MA\u0141A ONLINE - &quot;Pan Waga&quot;\",\"isPartOf\":{\"@id\":\"https:\/\/www.panwaga.pl\/#website\"},\"primaryImageOfPage\":{\"@id\":\"https:\/\/www.panwaga.pl\/?product=4400#primaryimage\"},\"datePublished\":\"2021-08-19T13:02:56+00:00\",\"dateModified\":\"2021-08-19T13:16:35+00:00\",\"breadcrumb\":{\"@id\":\"https:\/\/www.panwaga.pl\/?product=4400#breadcrumb\"},\"inLanguage\":\"pl-PL\",\"potentialAction\":[{\"@type\":\"ReadAction\",\"target\":[\"https:\/\/www.panwaga.pl\/?product=4400\"]}]},{\"@type\":\"BreadcrumbList\",\"@id\":\"https:\/\/www.panwaga.pl\/?product=4400#breadcrumb\",\"itemListElement\":[{\"@type\":\"ListItem\",\"position\":1,\"name\":\"Home\",\"item\":\"https:\/\/www.panwaga.pl\/\"},{\"@type\":\"ListItem\",\"position\":2,\"name\":\"Shop\",\"item\":\"https:\/\/www.panwaga.pl\/?page_id=182\"},{\"@type\":\"ListItem\",\"position\":3,\"name\":\"Kasa Fiskalna NOVITUS MA\u0141A ONLINE\"}]}]}<\/script>\n<!-- \/ Yoast SEO plugin. -->","yoast_head_json":{"title":"Kasa Fiskalna NOVITUS MA\u0141A ONLINE - &quot;Pan Waga&quot;","robots":{"index":"index","follow":"follow","max-snippet":"max-snippet:-1","max-image-preview":"max-image-preview:large","max-video-preview":"max-video-preview:-1"},"canonical":"https:\/\/www.panwaga.pl\/?product=4400","og_locale":"pl_PL","og_type":"article","og_title":"Kasa Fiskalna NOVITUS MA\u0141A ONLINE - &quot;Pan Waga&quot;","og_description":"Kasa MA\u0141A Online to doskona\u0142a ergonomia, dedykowana dla ma\u0142ych punkt\u00f3w sprzeda\u017cy, umo\u017cliwia przekazywanie danych do Centralnym Repozytorium Kas (CRK) poprzez port LAN lub opcjonalnie przez modu\u0142y WiFi lub GSM, zgodnie z wymogami Rozporz\u0105dzenia Ministra Przedsi\u0119biorczo\u015bci i Technologii z dnia 28 maja 2018 r. w sprawie kryteri\u00f3w i warunk\u00f3w technicznych, kt\u00f3rym musz\u0105 odpowiada\u0107 kasy rejestruj\u0105ce.","og_url":"https:\/\/www.panwaga.pl\/?product=4400","og_site_name":"&quot;Pan Waga&quot;","article_modified_time":"2021-08-19T13:16:35+00:00","og_image":[{"width":900,"height":900,"url":"https:\/\/www.panwaga.pl\/wp-content\/uploads\/2021\/08\/MA\u0141A-ONLINE-NOVITUS-KASA-FISKALNA-PAN-WAGA-1.png","type":"image\/png"}],"twitter_card":"summary_large_image","twitter_misc":{"Szacowany czas czytania":"1 minuta"},"schema":{"@context":"https:\/\/schema.org","@graph":[{"@type":"WebSite","@id":"https:\/\/www.panwaga.pl\/#website","url":"https:\/\/www.panwaga.pl\/","name":"&quot;Pan Waga&quot;","description":"Serwis sprz\u0119tu gastronomicznego, serwis wag, krajalnic, legalizacja","potentialAction":[{"@type":"SearchAction","target":{"@type":"EntryPoint","urlTemplate":"https:\/\/www.panwaga.pl\/?s={search_term_string}"},"query-input":"required name=search_term_string"}],"inLanguage":"pl-PL"},{"@type":"ImageObject","inLanguage":"pl-PL","@id":"https:\/\/www.panwaga.pl\/?product=4400#primaryimage","url":"https:\/\/www.panwaga.pl\/wp-content\/uploads\/2021\/08\/MA\u0141A-ONLINE-NOVITUS-KASA-FISKALNA-PAN-WAGA-1.png","contentUrl":"https:\/\/www.panwaga.pl\/wp-content\/uploads\/2021\/08\/MA\u0141A-ONLINE-NOVITUS-KASA-FISKALNA-PAN-WAGA-1.png","width":900,"height":900},{"@type":"WebPage","@id":"https:\/\/www.panwaga.pl\/?product=4400#webpage","url":"https:\/\/www.panwaga.pl\/?product=4400","name":"Kasa Fiskalna NOVITUS MA\u0141A ONLINE - &quot;Pan Waga&quot;","isPartOf":{"@id":"https:\/\/www.panwaga.pl\/#website"},"primaryImageOfPage":{"@id":"https:\/\/www.panwaga.pl\/?product=4400#primaryimage"},"datePublished":"2021-08-19T13:02:56+00:00","dateModified":"2021-08-19T13:16:35+00:00","breadcrumb":{"@id":"https:\/\/www.panwaga.pl\/?product=4400#breadcrumb"},"inLanguage":"pl-PL","potentialAction":[{"@type":"ReadAction","target":["https:\/\/www.panwaga.pl\/?product=4400"]}]},{"@type":"BreadcrumbList","@id":"https:\/\/www.panwaga.pl\/?product=4400#breadcrumb","itemListElement":[{"@type":"ListItem","position":1,"name":"Home","item":"https:\/\/www.panwaga.pl\/"},{"@type":"ListItem","position":2,"name":"Shop","item":"https:\/\/www.panwaga.pl\/?page_id=182"},{"@type":"ListItem","position":3,"name":"Kasa Fiskalna NOVITUS MA\u0141A ONLINE"}]}]}},"_links":{"self":[{"href":"https:\/\/www.panwaga.pl\/index.php?rest_route=\/wp\/v2\/product\/4400","targetHints":{"allow":["GET"]}}],"collection":[{"href":"https:\/\/www.panwaga.pl\/index.php?rest_route=\/wp\/v2\/product"}],"about":[{"href":"https:\/\/www.panwaga.pl\/index.php?rest_route=\/wp\/v2\/types\/product"}],"wp:featuredmedia":[{"embeddable":true,"href":"https:\/\/www.panwaga.pl\/index.php?rest_route=\/wp\/v2\/media\/4401"}],"wp:attachment":[{"href":"https:\/\/www.panwaga.pl\/index.php?rest_route=%2Fwp%2Fv2%2Fmedia&parent=4400"}],"wp:term":[{"taxonomy":"product_cat","embeddable":true,"href":"https:\/\/www.panwaga.pl\/index.php?rest_route=%2Fwp%2Fv2%2Fproduct_cat&post=4400"},{"taxonomy":"product_tag","embeddable":true,"href":"https:\/\/www.panwaga.pl\/index.php?rest_route=%2Fwp%2Fv2%2Fproduct_tag&post=4400"}],"curies":[{"name":"wp","href":"https:\/\/api.w.org\/{rel}","templated":true}]}}