{"id":442,"date":"2020-06-08T16:05:17","date_gmt":"2020-06-08T14:05:17","guid":{"rendered":"https:\/\/www.panwaga.pl\/?product=produkt"},"modified":"2020-06-10T22:41:19","modified_gmt":"2020-06-10T20:41:19","slug":"produkt","status":"publish","type":"product","link":"https:\/\/www.panwaga.pl\/?product=produkt","title":{"rendered":"Waga AXIS 4BA"},"content":{"rendered":"<p><strong>Dob\u00f3r zakresu wed\u0142ug tabeli<br \/>\n<\/strong><\/p>\n\n<table id=\"tablepress-2\" class=\"tablepress tablepress-id-2\">\n<thead>\n<tr class=\"row-1 odd\">\n\t<th class=\"column-1\">Obci\u0105\u017cenie<br \/>\nmaksymalne<br \/>\n<\/th><th class=\"column-2\">Dzia\u0142ka <br \/>\nodczytowa (d)<\/th><th class=\"column-3\">Dzia\u0142ka <br \/>\nlegalizacyjna(e)<\/th><th class=\"column-4\">Dost\u0119pne pomosty<\/th><th class=\"column-5\">Wykonanie <br \/>\npomostu<\/th><th class=\"column-6\">Stopie\u0144 ochronny<br \/>\nczujnik\u00f3w<\/th>\n<\/tr>\n<\/thead>\n<tbody class=\"row-hover\">\n<tr class=\"row-2 even\">\n\t<td class=\"column-1\">300kg<\/td><td class=\"column-2\">0,1kg<br \/>\n<\/td><td class=\"column-3\">0,1kg<\/td><td class=\"column-4\">B, C<\/td><td class=\"column-5\">Stal ryflowana,<br \/>\nlakierowana<\/td><td class=\"column-6\">IP67<\/td>\n<\/tr>\n<tr class=\"row-3 odd\">\n\t<td class=\"column-1\">600kg<\/td><td class=\"column-2\">0,2kg<\/td><td class=\"column-3\">0,2kg<\/td><td class=\"column-4\">B, C<\/td><td class=\"column-5\">Stal ryflowana,<br \/>\nlakierowana<\/td><td class=\"column-6\">IP67<\/td>\n<\/tr>\n<tr class=\"row-4 even\">\n\t<td class=\"column-1\">1500kg<\/td><td class=\"column-2\">0,5kg<\/td><td class=\"column-3\">0,5kg<\/td><td class=\"column-4\">B, C, D1<\/td><td class=\"column-5\">Stal ryflowana,<br \/>\nlakierowana<\/td><td class=\"column-6\">IP67<\/td>\n<\/tr>\n<tr class=\"row-5 odd\">\n\t<td class=\"column-1\">2000kg<\/td><td class=\"column-2\">1kg<\/td><td class=\"column-3\">1kg<\/td><td class=\"column-4\">C, D1<\/td><td class=\"column-5\">Stal ryflowana,<br \/>\nlakierowana<\/td><td class=\"column-6\">IP67<\/td>\n<\/tr>\n<tr class=\"row-6 even\">\n\t<td class=\"column-1\">3000kg<\/td><td class=\"column-2\">1kg<\/td><td class=\"column-3\">1kg<\/td><td class=\"column-4\">D2, E<\/td><td class=\"column-5\">Stal ryflowana,<br \/>\nlakierowana<\/td><td class=\"column-6\">IP67<\/td>\n<\/tr>\n<tr class=\"row-7 odd\">\n\t<td class=\"column-1\">3500kg<\/td><td class=\"column-2\">2kg<\/td><td class=\"column-3\">1kg<\/td><td class=\"column-4\">E<\/td><td class=\"column-5\">Stal ryflowana,<br \/>\nlakierowana<\/td><td class=\"column-6\">IP67<\/td>\n<\/tr>\n<tr class=\"row-8 even\">\n\t<td class=\"column-1\">6000kg<\/td><td class=\"column-2\">2kg<\/td><td class=\"column-3\">2kg<\/td><td class=\"column-4\">E<\/td><td class=\"column-5\">Stal ryflowana,<br \/>\nlakierowana<\/td><td class=\"column-6\">IP67<\/td>\n<\/tr>\n<\/tbody>\n<\/table>\n<!-- #tablepress-2 from cache -->\n<p><strong>Mo\u017cliwo\u015b\u0107 wyboru miernika wagowego pod w\u0142asne potrzeby!<\/strong><\/p>\n\n<table id=\"tablepress-1\" class=\"tablepress tablepress-id-1\">\n<thead>\n<tr class=\"row-1 odd\">\n\t<th class=\"column-1\"><strong>MIERNIK-MODEL<\/strong><br \/>\n<\/th><th class=\"column-2\">ME-01\/A\/18<\/th><th class=\"column-3\">ME-01\/N\/18<\/th><th class=\"column-4\">ME-01\/N\/25<\/th><th class=\"column-5\">ME-11\/N\/LCD<\/th><th class=\"column-6\">ME-12\/N\/G<\/th><th class=\"column-7\">ME-03\/N\/G<\/th><th class=\"column-8\">ME-02\/N\/LCD<\/th>\n<\/tr>\n<\/thead>\n<tbody class=\"row-hover\">\n<tr class=\"row-2 even\">\n\t<td class=\"column-1\"><strong>OBUDOWA<\/strong><\/td><td class=\"column-2\">Aluminium<br \/>\nlakierowane<\/td><td class=\"column-3\">Stal nierdzewna<\/td><td class=\"column-4\">Stal nierdzewna<\/td><td class=\"column-5\">Stal nierdzewna<\/td><td class=\"column-6\">Stal nierdzewna<\/td><td class=\"column-7\">Stal nierdzewna<\/td><td class=\"column-8\">Stal nierdzewna<\/td>\n<\/tr>\n<tr class=\"row-3 odd\">\n\t<td class=\"column-1\"><strong>Stopie\u0144 ochronny<\/strong><\/td><td class=\"column-2\">IP40<\/td><td class=\"column-3\">IP65<\/td><td class=\"column-4\">IP65<\/td><td class=\"column-5\">IP65<\/td><td class=\"column-6\">IP65<\/td><td class=\"column-7\">IP65<\/td><td class=\"column-8\">IP65<\/td>\n<\/tr>\n<tr class=\"row-4 even\">\n\t<td class=\"column-1\"><strong>Temperatura pracy<\/strong><\/td><td class=\"column-2\">-10\u00f740\u00b0C<\/td><td class=\"column-3\">-10\u00f740\u00b0C<\/td><td class=\"column-4\">-10\u00f740\u00b0C<\/td><td class=\"column-5\">-10\u00f740\u00b0C<\/td><td class=\"column-6\">-10\u00f740\u00b0C<\/td><td class=\"column-7\">-10\u00f740\u00b0C<\/td><td class=\"column-8\">-10\u00f740\u00b0C<\/td>\n<\/tr>\n<tr class=\"row-5 odd\">\n\t<td class=\"column-1\"><strong>Zakres tary<\/strong><\/td><td class=\"column-2\">Pe\u0142na<\/td><td class=\"column-3\">Pe\u0142na<\/td><td class=\"column-4\">Pe\u0142na<\/td><td class=\"column-5\">Pe\u0142na<\/td><td class=\"column-6\">Pe\u0142na<\/td><td class=\"column-7\">Pe\u0142na<\/td><td class=\"column-8\">Pe\u0142na<\/td>\n<\/tr>\n<tr class=\"row-6 even\">\n\t<td class=\"column-1\"><strong>Klawiatura<\/strong><\/td><td class=\"column-2\">Standardowa<\/td><td class=\"column-3\">Standardowa<\/td><td class=\"column-4\">Standardowa<\/td><td class=\"column-5\">Cyfrowa<\/td><td class=\"column-6\">Cyfrowo-literowa <br \/>\noraz funkcyjna<\/td><td class=\"column-7\">Cyfrowo-literowa <br \/>\noraz funkcyjna<\/td><td class=\"column-8\">Cyfrowo-literowa <br \/>\noraz funkcyjna<\/td>\n<\/tr>\n<tr class=\"row-7 odd\">\n\t<td class=\"column-1\"><strong>Wy\u015bwietlacz<\/strong><\/td><td class=\"column-2\">LED 18mm<\/td><td class=\"column-3\">LED 18mm<\/td><td class=\"column-4\">LED 25mm<\/td><td class=\"column-5\">LCD 13mm<\/td><td class=\"column-6\">graficzny<\/td><td class=\"column-7\">graficzny<\/td><td class=\"column-8\">LCD 14mm<\/td>\n<\/tr>\n<tr class=\"row-8 even\">\n\t<td class=\"column-1\"><strong>RS232C<\/strong><\/td><td class=\"column-2\">TAK<\/td><td class=\"column-3\">Opcja<\/td><td class=\"column-4\">Opcja<\/td><td class=\"column-5\">Opcja<\/td><td class=\"column-6\">TAK<\/td><td class=\"column-7\">TAK<\/td><td class=\"column-8\">TAK<\/td>\n<\/tr>\n<tr class=\"row-9 odd\">\n\t<td class=\"column-1\"><strong>USB<\/strong><\/td><td class=\"column-2\">Opcja<\/td><td class=\"column-3\">Opcja<\/td><td class=\"column-4\">Opcja<\/td><td class=\"column-5\">Opcja<\/td><td class=\"column-6\">Opcja<\/td><td class=\"column-7\">Opcja<\/td><td class=\"column-8\">Opcja<\/td>\n<\/tr>\n<tr class=\"row-10 even\">\n\t<td class=\"column-1\"><strong>RS485<\/strong><\/td><td class=\"column-2\">Opcja<\/td><td class=\"column-3\">Opcja<\/td><td class=\"column-4\">Opcja<\/td><td class=\"column-5\">Opcja<\/td><td class=\"column-6\">Opcja<\/td><td class=\"column-7\">Opcja<\/td><td class=\"column-8\">Opcja<\/td>\n<\/tr>\n<tr class=\"row-11 odd\">\n\t<td class=\"column-1\"><strong>LAN<\/strong><\/td><td class=\"column-2\">Opcja<\/td><td class=\"column-3\">Opcja<\/td><td class=\"column-4\">Opcja<\/td><td class=\"column-5\">Opcja<\/td><td class=\"column-6\">Opcja<\/td><td class=\"column-7\">Opcja<\/td><td class=\"column-8\">Opcja<\/td>\n<\/tr>\n<tr class=\"row-12 even\">\n\t<td class=\"column-1\"><strong>Wi-Fi<\/strong><\/td><td class=\"column-2\">Opcja<\/td><td class=\"column-3\">Opcja<\/td><td class=\"column-4\">Opcja<\/td><td class=\"column-5\">Opcja<\/td><td class=\"column-6\">BRAK<\/td><td class=\"column-7\">Opcja<\/td><td class=\"column-8\">Opcja<\/td>\n<\/tr>\n<tr class=\"row-13 odd\">\n\t<td class=\"column-1\"><strong>Zasilanie<\/strong><\/td><td class=\"column-2\">~230V 50Hz<\/td><td class=\"column-3\">~230V 50Hz<\/td><td class=\"column-4\">~230V 50Hz<\/td><td class=\"column-5\">~230V 50Hz<\/td><td class=\"column-6\">~230V 50Hz<\/td><td class=\"column-7\">~230V 50Hz<\/td><td class=\"column-8\">~230V 50Hz<\/td>\n<\/tr>\n<tr class=\"row-14 even\">\n\t<td class=\"column-1\"><strong>Akumulator<\/strong><\/td><td class=\"column-2\">Opcja<\/td><td class=\"column-3\">BRAK<\/td><td class=\"column-4\">BRAK<\/td><td class=\"column-5\">Opcja<\/td><td class=\"column-6\">BRAK<\/td><td class=\"column-7\">BRAK<\/td><td class=\"column-8\">BRAK<\/td>\n<\/tr>\n<tr class=\"row-15 odd\">\n\t<td class=\"column-1\"><strong>Masa<\/strong><\/td><td class=\"column-2\">1,8kg<\/td><td class=\"column-3\">2,3kg<\/td><td class=\"column-4\">2,3kg<\/td><td class=\"column-5\">2,3kg<\/td><td class=\"column-6\">3kg<\/td><td class=\"column-7\">2,3kg<\/td><td class=\"column-8\">2,3kg<\/td>\n<\/tr>\n<tr class=\"row-16 even\">\n\t<td class=\"column-1\"><strong>Gabaryty<\/strong><\/td><td class=\"column-2\">190x140x70mm<\/td><td class=\"column-3\">200x146x77mm<\/td><td class=\"column-4\">238x182x77mm<\/td><td class=\"column-5\">238x182x77mm<\/td><td class=\"column-6\">238x180x86mm<\/td><td class=\"column-7\">238x182x89mm<\/td><td class=\"column-8\">238x182x89mm<\/td>\n<\/tr>\n<\/tbody>\n<\/table>\n<!-- #tablepress-1 from cache -->\n","protected":false},"excerpt":{"rendered":"<p>Pomosty wag wykonywane s\u0105 w nast\u0119puj\u0105cych rozmiarach:<br \/>\n&#8211; B : 1000x1000x80(85)mm<br \/>\n&#8211; C : 1250x1250x80(85)mm<br \/>\n&#8211; D1 : 1500x1500x80(85)mm<br \/>\n&#8211; D2 : 1500x1500x112(110)mm<br \/>\n&#8211; E : 1500x2000x112(110)mm<\/p>\n","protected":false},"featured_media":4308,"template":"","meta":{"spay_email":""},"product_cat":[47,41],"product_tag":[],"class_list":{"0":"post-442","1":"product","2":"type-product","3":"status-publish","4":"has-post-thumbnail","6":"product_cat-pomostowe","7":"product_cat-wagi","9":"first","10":"instock","11":"taxable","12":"shipping-taxable","13":"purchasable","14":"product-type-variable"},"yoast_head":"<!-- This site is optimized with the Yoast SEO plugin v19.0 - https:\/\/yoast.com\/wordpress\/plugins\/seo\/ -->\n<title>Waga AXIS 4BA - &quot;Pan Waga&quot;<\/title>\n<meta name=\"robots\" content=\"index, follow, max-snippet:-1, max-image-preview:large, max-video-preview:-1\" \/>\n<link rel=\"canonical\" href=\"https:\/\/www.panwaga.pl\/?product=produkt\" \/>\n<meta property=\"og:locale\" content=\"pl_PL\" \/>\n<meta property=\"og:type\" content=\"article\" \/>\n<meta property=\"og:title\" content=\"Waga AXIS 4BA - &quot;Pan Waga&quot;\" \/>\n<meta property=\"og:description\" content=\"Pomosty wag wykonywane s\u0105 w nast\u0119puj\u0105cych rozmiarach: - B : 1000x1000x80(85)mm - C : 1250x1250x80(85)mm - D1 : 1500x1500x80(85)mm - D2 : 1500x1500x112(110)mm - E : 1500x2000x112(110)mm\" \/>\n<meta property=\"og:url\" content=\"https:\/\/www.panwaga.pl\/?product=produkt\" \/>\n<meta property=\"og:site_name\" content=\"&quot;Pan Waga&quot;\" \/>\n<meta property=\"article:modified_time\" content=\"2020-06-10T20:41:19+00:00\" \/>\n<meta property=\"og:image\" content=\"https:\/\/www.panwaga.pl\/wp-content\/uploads\/2020\/06\/Waga-AXIS-4BA-panwaga-serwis.jpg\" \/>\n\t<meta property=\"og:image:width\" content=\"1440\" \/>\n\t<meta property=\"og:image:height\" content=\"920\" \/>\n\t<meta property=\"og:image:type\" content=\"image\/jpeg\" \/>\n<meta name=\"twitter:card\" content=\"summary_large_image\" \/>\n<script type=\"application\/ld+json\" class=\"yoast-schema-graph\">{\"@context\":\"https:\/\/schema.org\",\"@graph\":[{\"@type\":\"WebSite\",\"@id\":\"https:\/\/www.panwaga.pl\/#website\",\"url\":\"https:\/\/www.panwaga.pl\/\",\"name\":\"&quot;Pan Waga&quot;\",\"description\":\"Serwis sprz\u0119tu gastronomicznego, serwis wag, krajalnic, legalizacja\",\"potentialAction\":[{\"@type\":\"SearchAction\",\"target\":{\"@type\":\"EntryPoint\",\"urlTemplate\":\"https:\/\/www.panwaga.pl\/?s={search_term_string}\"},\"query-input\":\"required name=search_term_string\"}],\"inLanguage\":\"pl-PL\"},{\"@type\":\"ImageObject\",\"inLanguage\":\"pl-PL\",\"@id\":\"https:\/\/www.panwaga.pl\/?product=produkt#primaryimage\",\"url\":\"https:\/\/www.panwaga.pl\/wp-content\/uploads\/2020\/06\/Waga-AXIS-4BA-panwaga-serwis.jpg\",\"contentUrl\":\"https:\/\/www.panwaga.pl\/wp-content\/uploads\/2020\/06\/Waga-AXIS-4BA-panwaga-serwis.jpg\",\"width\":1440,\"height\":920},{\"@type\":\"WebPage\",\"@id\":\"https:\/\/www.panwaga.pl\/?product=produkt#webpage\",\"url\":\"https:\/\/www.panwaga.pl\/?product=produkt\",\"name\":\"Waga AXIS 4BA - &quot;Pan Waga&quot;\",\"isPartOf\":{\"@id\":\"https:\/\/www.panwaga.pl\/#website\"},\"primaryImageOfPage\":{\"@id\":\"https:\/\/www.panwaga.pl\/?product=produkt#primaryimage\"},\"datePublished\":\"2020-06-08T14:05:17+00:00\",\"dateModified\":\"2020-06-10T20:41:19+00:00\",\"breadcrumb\":{\"@id\":\"https:\/\/www.panwaga.pl\/?product=produkt#breadcrumb\"},\"inLanguage\":\"pl-PL\",\"potentialAction\":[{\"@type\":\"ReadAction\",\"target\":[\"https:\/\/www.panwaga.pl\/?product=produkt\"]}]},{\"@type\":\"BreadcrumbList\",\"@id\":\"https:\/\/www.panwaga.pl\/?product=produkt#breadcrumb\",\"itemListElement\":[{\"@type\":\"ListItem\",\"position\":1,\"name\":\"Home\",\"item\":\"https:\/\/www.panwaga.pl\/\"},{\"@type\":\"ListItem\",\"position\":2,\"name\":\"Shop\",\"item\":\"https:\/\/www.panwaga.pl\/?page_id=182\"},{\"@type\":\"ListItem\",\"position\":3,\"name\":\"Waga AXIS 4BA\"}]}]}<\/script>\n<!-- \/ Yoast SEO plugin. -->","yoast_head_json":{"title":"Waga AXIS 4BA - &quot;Pan Waga&quot;","robots":{"index":"index","follow":"follow","max-snippet":"max-snippet:-1","max-image-preview":"max-image-preview:large","max-video-preview":"max-video-preview:-1"},"canonical":"https:\/\/www.panwaga.pl\/?product=produkt","og_locale":"pl_PL","og_type":"article","og_title":"Waga AXIS 4BA - &quot;Pan Waga&quot;","og_description":"Pomosty wag wykonywane s\u0105 w nast\u0119puj\u0105cych rozmiarach: - B : 1000x1000x80(85)mm - C : 1250x1250x80(85)mm - D1 : 1500x1500x80(85)mm - D2 : 1500x1500x112(110)mm - E : 1500x2000x112(110)mm","og_url":"https:\/\/www.panwaga.pl\/?product=produkt","og_site_name":"&quot;Pan Waga&quot;","article_modified_time":"2020-06-10T20:41:19+00:00","og_image":[{"width":1440,"height":920,"url":"https:\/\/www.panwaga.pl\/wp-content\/uploads\/2020\/06\/Waga-AXIS-4BA-panwaga-serwis.jpg","type":"image\/jpeg"}],"twitter_card":"summary_large_image","schema":{"@context":"https:\/\/schema.org","@graph":[{"@type":"WebSite","@id":"https:\/\/www.panwaga.pl\/#website","url":"https:\/\/www.panwaga.pl\/","name":"&quot;Pan Waga&quot;","description":"Serwis sprz\u0119tu gastronomicznego, serwis wag, krajalnic, legalizacja","potentialAction":[{"@type":"SearchAction","target":{"@type":"EntryPoint","urlTemplate":"https:\/\/www.panwaga.pl\/?s={search_term_string}"},"query-input":"required name=search_term_string"}],"inLanguage":"pl-PL"},{"@type":"ImageObject","inLanguage":"pl-PL","@id":"https:\/\/www.panwaga.pl\/?product=produkt#primaryimage","url":"https:\/\/www.panwaga.pl\/wp-content\/uploads\/2020\/06\/Waga-AXIS-4BA-panwaga-serwis.jpg","contentUrl":"https:\/\/www.panwaga.pl\/wp-content\/uploads\/2020\/06\/Waga-AXIS-4BA-panwaga-serwis.jpg","width":1440,"height":920},{"@type":"WebPage","@id":"https:\/\/www.panwaga.pl\/?product=produkt#webpage","url":"https:\/\/www.panwaga.pl\/?product=produkt","name":"Waga AXIS 4BA - &quot;Pan Waga&quot;","isPartOf":{"@id":"https:\/\/www.panwaga.pl\/#website"},"primaryImageOfPage":{"@id":"https:\/\/www.panwaga.pl\/?product=produkt#primaryimage"},"datePublished":"2020-06-08T14:05:17+00:00","dateModified":"2020-06-10T20:41:19+00:00","breadcrumb":{"@id":"https:\/\/www.panwaga.pl\/?product=produkt#breadcrumb"},"inLanguage":"pl-PL","potentialAction":[{"@type":"ReadAction","target":["https:\/\/www.panwaga.pl\/?product=produkt"]}]},{"@type":"BreadcrumbList","@id":"https:\/\/www.panwaga.pl\/?product=produkt#breadcrumb","itemListElement":[{"@type":"ListItem","position":1,"name":"Home","item":"https:\/\/www.panwaga.pl\/"},{"@type":"ListItem","position":2,"name":"Shop","item":"https:\/\/www.panwaga.pl\/?page_id=182"},{"@type":"ListItem","position":3,"name":"Waga AXIS 4BA"}]}]}},"_links":{"self":[{"href":"https:\/\/www.panwaga.pl\/index.php?rest_route=\/wp\/v2\/product\/442","targetHints":{"allow":["GET"]}}],"collection":[{"href":"https:\/\/www.panwaga.pl\/index.php?rest_route=\/wp\/v2\/product"}],"about":[{"href":"https:\/\/www.panwaga.pl\/index.php?rest_route=\/wp\/v2\/types\/product"}],"wp:featuredmedia":[{"embeddable":true,"href":"https:\/\/www.panwaga.pl\/index.php?rest_route=\/wp\/v2\/media\/4308"}],"wp:attachment":[{"href":"https:\/\/www.panwaga.pl\/index.php?rest_route=%2Fwp%2Fv2%2Fmedia&parent=442"}],"wp:term":[{"taxonomy":"product_cat","embeddable":true,"href":"https:\/\/www.panwaga.pl\/index.php?rest_route=%2Fwp%2Fv2%2Fproduct_cat&post=442"},{"taxonomy":"product_tag","embeddable":true,"href":"https:\/\/www.panwaga.pl\/index.php?rest_route=%2Fwp%2Fv2%2Fproduct_tag&post=442"}],"curies":[{"name":"wp","href":"https:\/\/api.w.org\/{rel}","templated":true}]}}