{"id":4420,"date":"2021-09-07T19:00:26","date_gmt":"2021-09-07T17:00:26","guid":{"rendered":"https:\/\/www.panwaga.pl\/?post_type=product&#038;p=4420"},"modified":"2021-09-07T19:00:26","modified_gmt":"2021-09-07T17:00:26","slug":"etykiety-samoprzylepne","status":"publish","type":"product","link":"https:\/\/www.panwaga.pl\/?product=etykiety-samoprzylepne","title":{"rendered":"Etykieta termiczna samoprzylepna czysta 58&#215;80 mm 560 etykiet"},"content":{"rendered":"<p>Etykiety termiczne samoprzylepne<\/p>\n<table class=\"table-data-sheet\">\n<tbody>\n<tr class=\"odd\">\n<td>Rozmiar etykiety<\/td>\n<td>58 X 80 mm<\/td>\n<\/tr>\n<tr class=\"even\">\n<td>Ilo\u015b\u0107 etykiet na rolce<\/td>\n<td>560<\/td>\n<\/tr>\n<tr class=\"odd\">\n<td>\u015arednica gilzy (rdzenia)<\/td>\n<td>40 mm<\/td>\n<\/tr>\n<tr class=\"even\">\n<td>Rodzaj gilzy<\/td>\n<td>kartonowa<\/td>\n<\/tr>\n<tr class=\"odd\">\n<td>Rodzaj papieru<\/td>\n<td>eco<\/td>\n<\/tr>\n<tr class=\"even\">\n<td>Klej<\/td>\n<td>akrylowy<\/td>\n<\/tr>\n<tr class=\"odd\">\n<td>Ilo\u015b\u0107 rolek w kartonie<\/td>\n<td>36 szt<\/td>\n<\/tr>\n<tr class=\"even\">\n<td>Gramatura papieru no\u015bnego<\/td>\n<td>65g\/m2<\/td>\n<\/tr>\n<tr class=\"odd\">\n<td>Gramatura podk\u0142adu<\/td>\n<td>45g\/m2<\/td>\n<\/tr>\n<\/tbody>\n<\/table>\n","protected":false},"excerpt":{"rendered":"<p>Do produkcji oferowanych przez nasz\u0105 firm\u0119 etykiet wykorzystywane s\u0105 surowce \u015bwiatowych lider\u00f3w produkuj\u0105cych papier. Wiemy, \u017ce z\u0142a jako\u015b\u0107 papieru ma ogromny wp\u0142yw na szybsze zu\u017cycie mechaniczne drukarek.<\/p>\n<p>Korzystaj\u0105c z nich, mo\u017cecie znacznie ograniczy\u0107 koszty i przed\u0142u\u017cy\u0107 prac\u0119 drukarki, <strong>co przyniesie znaczne oszcz\u0119dno\u015bci.<\/strong><\/p>\n<p>Mo\u017cemy wykona\u0107 r\u00f3wnie\u017c nietypowe etykiety pod zam\u00f3wienie klienta!<\/p>\n","protected":false},"featured_media":4421,"template":"","meta":{"spay_email":""},"product_cat":[71,74],"product_tag":[79,78],"class_list":{"0":"post-4420","1":"product","2":"type-product","3":"status-publish","4":"has-post-thumbnail","6":"product_cat-akcesoria","7":"product_cat-etykiety","8":"product_tag-58x80","9":"product_tag-etykiety-samoprzulepne","11":"first","12":"instock","13":"taxable","14":"shipping-taxable","15":"purchasable","16":"product-type-simple"},"yoast_head":"<!-- This site is optimized with the Yoast SEO plugin v19.0 - https:\/\/yoast.com\/wordpress\/plugins\/seo\/ -->\n<title>Etykieta termiczna samoprzylepna czysta 58x80 mm 560 etykiet - &quot;Pan Waga&quot;<\/title>\n<meta name=\"description\" content=\"Oferowane przez nasz\u0105 firm\u0119 etykiety wykorzystywane s\u0105 z surowc\u00f3w \u015bwiatowych lider\u00f3w, Mo\u017cemy wykona\u0107 dowolne rozmiary pod zam\u00f3wienie klienta.\" \/>\n<meta name=\"robots\" content=\"index, follow, max-snippet:-1, max-image-preview:large, max-video-preview:-1\" \/>\n<link rel=\"canonical\" href=\"https:\/\/www.panwaga.pl\/?product=etykiety-samoprzylepne\" \/>\n<meta property=\"og:locale\" content=\"pl_PL\" \/>\n<meta property=\"og:type\" content=\"article\" \/>\n<meta property=\"og:title\" content=\"Etykieta termiczna samoprzylepna czysta 58x80 mm 560 etykiet - &quot;Pan Waga&quot;\" \/>\n<meta property=\"og:description\" content=\"Oferowane przez nasz\u0105 firm\u0119 etykiety wykorzystywane s\u0105 z surowc\u00f3w \u015bwiatowych lider\u00f3w, Mo\u017cemy wykona\u0107 dowolne rozmiary pod zam\u00f3wienie klienta.\" \/>\n<meta property=\"og:url\" content=\"https:\/\/www.panwaga.pl\/?product=etykiety-samoprzylepne\" \/>\n<meta property=\"og:site_name\" content=\"&quot;Pan Waga&quot;\" \/>\n<meta property=\"og:image\" content=\"https:\/\/www.panwaga.pl\/wp-content\/uploads\/2021\/09\/Etykieta-termiczna-samoprzylepna-czysta-58-X-80mm-560_panwaga.png\" \/>\n\t<meta property=\"og:image:width\" content=\"450\" \/>\n\t<meta property=\"og:image:height\" content=\"450\" \/>\n\t<meta property=\"og:image:type\" content=\"image\/png\" \/>\n<meta name=\"twitter:card\" content=\"summary_large_image\" \/>\n<meta name=\"twitter:label1\" content=\"Szacowany czas czytania\" \/>\n\t<meta name=\"twitter:data1\" content=\"1 minuta\" \/>\n<script type=\"application\/ld+json\" class=\"yoast-schema-graph\">{\"@context\":\"https:\/\/schema.org\",\"@graph\":[{\"@type\":\"WebSite\",\"@id\":\"https:\/\/www.panwaga.pl\/#website\",\"url\":\"https:\/\/www.panwaga.pl\/\",\"name\":\"&quot;Pan Waga&quot;\",\"description\":\"Serwis sprz\u0119tu gastronomicznego, serwis wag, krajalnic, legalizacja\",\"potentialAction\":[{\"@type\":\"SearchAction\",\"target\":{\"@type\":\"EntryPoint\",\"urlTemplate\":\"https:\/\/www.panwaga.pl\/?s={search_term_string}\"},\"query-input\":\"required name=search_term_string\"}],\"inLanguage\":\"pl-PL\"},{\"@type\":\"ImageObject\",\"inLanguage\":\"pl-PL\",\"@id\":\"https:\/\/www.panwaga.pl\/?product=etykiety-samoprzylepne#primaryimage\",\"url\":\"https:\/\/www.panwaga.pl\/wp-content\/uploads\/2021\/09\/Etykieta-termiczna-samoprzylepna-czysta-58-X-80mm-560_panwaga.png\",\"contentUrl\":\"https:\/\/www.panwaga.pl\/wp-content\/uploads\/2021\/09\/Etykieta-termiczna-samoprzylepna-czysta-58-X-80mm-560_panwaga.png\",\"width\":450,\"height\":450},{\"@type\":\"WebPage\",\"@id\":\"https:\/\/www.panwaga.pl\/?product=etykiety-samoprzylepne#webpage\",\"url\":\"https:\/\/www.panwaga.pl\/?product=etykiety-samoprzylepne\",\"name\":\"Etykieta termiczna samoprzylepna czysta 58x80 mm 560 etykiet - &quot;Pan Waga&quot;\",\"isPartOf\":{\"@id\":\"https:\/\/www.panwaga.pl\/#website\"},\"primaryImageOfPage\":{\"@id\":\"https:\/\/www.panwaga.pl\/?product=etykiety-samoprzylepne#primaryimage\"},\"datePublished\":\"2021-09-07T17:00:26+00:00\",\"dateModified\":\"2021-09-07T17:00:26+00:00\",\"description\":\"Oferowane przez nasz\u0105 firm\u0119 etykiety wykorzystywane s\u0105 z surowc\u00f3w \u015bwiatowych lider\u00f3w, Mo\u017cemy wykona\u0107 dowolne rozmiary pod zam\u00f3wienie klienta.\",\"breadcrumb\":{\"@id\":\"https:\/\/www.panwaga.pl\/?product=etykiety-samoprzylepne#breadcrumb\"},\"inLanguage\":\"pl-PL\",\"potentialAction\":[{\"@type\":\"ReadAction\",\"target\":[\"https:\/\/www.panwaga.pl\/?product=etykiety-samoprzylepne\"]}]},{\"@type\":\"BreadcrumbList\",\"@id\":\"https:\/\/www.panwaga.pl\/?product=etykiety-samoprzylepne#breadcrumb\",\"itemListElement\":[{\"@type\":\"ListItem\",\"position\":1,\"name\":\"Home\",\"item\":\"https:\/\/www.panwaga.pl\/\"},{\"@type\":\"ListItem\",\"position\":2,\"name\":\"Shop\",\"item\":\"https:\/\/www.panwaga.pl\/?page_id=182\"},{\"@type\":\"ListItem\",\"position\":3,\"name\":\"Etykieta termiczna samoprzylepna czysta 58&#215;80 mm 560 etykiet\"}]}]}<\/script>\n<!-- \/ Yoast SEO plugin. -->","yoast_head_json":{"title":"Etykieta termiczna samoprzylepna czysta 58x80 mm 560 etykiet - &quot;Pan Waga&quot;","description":"Oferowane przez nasz\u0105 firm\u0119 etykiety wykorzystywane s\u0105 z surowc\u00f3w \u015bwiatowych lider\u00f3w, Mo\u017cemy wykona\u0107 dowolne rozmiary pod zam\u00f3wienie klienta.","robots":{"index":"index","follow":"follow","max-snippet":"max-snippet:-1","max-image-preview":"max-image-preview:large","max-video-preview":"max-video-preview:-1"},"canonical":"https:\/\/www.panwaga.pl\/?product=etykiety-samoprzylepne","og_locale":"pl_PL","og_type":"article","og_title":"Etykieta termiczna samoprzylepna czysta 58x80 mm 560 etykiet - &quot;Pan Waga&quot;","og_description":"Oferowane przez nasz\u0105 firm\u0119 etykiety wykorzystywane s\u0105 z surowc\u00f3w \u015bwiatowych lider\u00f3w, Mo\u017cemy wykona\u0107 dowolne rozmiary pod zam\u00f3wienie klienta.","og_url":"https:\/\/www.panwaga.pl\/?product=etykiety-samoprzylepne","og_site_name":"&quot;Pan Waga&quot;","og_image":[{"width":450,"height":450,"url":"https:\/\/www.panwaga.pl\/wp-content\/uploads\/2021\/09\/Etykieta-termiczna-samoprzylepna-czysta-58-X-80mm-560_panwaga.png","type":"image\/png"}],"twitter_card":"summary_large_image","twitter_misc":{"Szacowany czas czytania":"1 minuta"},"schema":{"@context":"https:\/\/schema.org","@graph":[{"@type":"WebSite","@id":"https:\/\/www.panwaga.pl\/#website","url":"https:\/\/www.panwaga.pl\/","name":"&quot;Pan Waga&quot;","description":"Serwis sprz\u0119tu gastronomicznego, serwis wag, krajalnic, legalizacja","potentialAction":[{"@type":"SearchAction","target":{"@type":"EntryPoint","urlTemplate":"https:\/\/www.panwaga.pl\/?s={search_term_string}"},"query-input":"required name=search_term_string"}],"inLanguage":"pl-PL"},{"@type":"ImageObject","inLanguage":"pl-PL","@id":"https:\/\/www.panwaga.pl\/?product=etykiety-samoprzylepne#primaryimage","url":"https:\/\/www.panwaga.pl\/wp-content\/uploads\/2021\/09\/Etykieta-termiczna-samoprzylepna-czysta-58-X-80mm-560_panwaga.png","contentUrl":"https:\/\/www.panwaga.pl\/wp-content\/uploads\/2021\/09\/Etykieta-termiczna-samoprzylepna-czysta-58-X-80mm-560_panwaga.png","width":450,"height":450},{"@type":"WebPage","@id":"https:\/\/www.panwaga.pl\/?product=etykiety-samoprzylepne#webpage","url":"https:\/\/www.panwaga.pl\/?product=etykiety-samoprzylepne","name":"Etykieta termiczna samoprzylepna czysta 58x80 mm 560 etykiet - &quot;Pan Waga&quot;","isPartOf":{"@id":"https:\/\/www.panwaga.pl\/#website"},"primaryImageOfPage":{"@id":"https:\/\/www.panwaga.pl\/?product=etykiety-samoprzylepne#primaryimage"},"datePublished":"2021-09-07T17:00:26+00:00","dateModified":"2021-09-07T17:00:26+00:00","description":"Oferowane przez nasz\u0105 firm\u0119 etykiety wykorzystywane s\u0105 z surowc\u00f3w \u015bwiatowych lider\u00f3w, Mo\u017cemy wykona\u0107 dowolne rozmiary pod zam\u00f3wienie klienta.","breadcrumb":{"@id":"https:\/\/www.panwaga.pl\/?product=etykiety-samoprzylepne#breadcrumb"},"inLanguage":"pl-PL","potentialAction":[{"@type":"ReadAction","target":["https:\/\/www.panwaga.pl\/?product=etykiety-samoprzylepne"]}]},{"@type":"BreadcrumbList","@id":"https:\/\/www.panwaga.pl\/?product=etykiety-samoprzylepne#breadcrumb","itemListElement":[{"@type":"ListItem","position":1,"name":"Home","item":"https:\/\/www.panwaga.pl\/"},{"@type":"ListItem","position":2,"name":"Shop","item":"https:\/\/www.panwaga.pl\/?page_id=182"},{"@type":"ListItem","position":3,"name":"Etykieta termiczna samoprzylepna czysta 58&#215;80 mm 560 etykiet"}]}]}},"_links":{"self":[{"href":"https:\/\/www.panwaga.pl\/index.php?rest_route=\/wp\/v2\/product\/4420","targetHints":{"allow":["GET"]}}],"collection":[{"href":"https:\/\/www.panwaga.pl\/index.php?rest_route=\/wp\/v2\/product"}],"about":[{"href":"https:\/\/www.panwaga.pl\/index.php?rest_route=\/wp\/v2\/types\/product"}],"wp:featuredmedia":[{"embeddable":true,"href":"https:\/\/www.panwaga.pl\/index.php?rest_route=\/wp\/v2\/media\/4421"}],"wp:attachment":[{"href":"https:\/\/www.panwaga.pl\/index.php?rest_route=%2Fwp%2Fv2%2Fmedia&parent=4420"}],"wp:term":[{"taxonomy":"product_cat","embeddable":true,"href":"https:\/\/www.panwaga.pl\/index.php?rest_route=%2Fwp%2Fv2%2Fproduct_cat&post=4420"},{"taxonomy":"product_tag","embeddable":true,"href":"https:\/\/www.panwaga.pl\/index.php?rest_route=%2Fwp%2Fv2%2Fproduct_tag&post=4420"}],"curies":[{"name":"wp","href":"https:\/\/api.w.org\/{rel}","templated":true}]}}